{"id":33,"date":"2023-05-19T17:03:51","date_gmt":"2023-05-19T15:03:51","guid":{"rendered":"http:\/\/neu.brueckner-werke.de\/?page_id=33"},"modified":"2024-01-25T09:56:11","modified_gmt":"2024-01-25T08:56:11","slug":"odcisk","status":"publish","type":"page","link":"https:\/\/brueckner-werke.de\/pl\/impressum\/","title":{"rendered":"Nadruk"},"content":{"rendered":"<p class=\"heading-text\">Br\u00fcckner-Werke KG<br>\nWendenstrasse 4<br>\n20097 Hamburg<\/p>\n<p><a href=\"tel:494023730801\">Telefon: +49\u201340-23 73 08 01<\/a><br>\n<a href=\"tel:494023730888\">Faks: +49\u201340-23 73 08 88<\/a><\/p>\n<p><strong>S\u0105d rejonowy w Hamburgu, HRA 48 802<br>\nOsobi\u015bcie odpowiedzialni partnerzy:<\/strong><\/p>\n<p>Thomas Br\u00fcckner, Farmgold-Vertriebs GmbH, Altendorf<br>\n(Dyrektorzy zarz\u0105dzaj\u0105cy: Thomas Br\u00fcckner, Dr Karl-Ulrich Schellhaas<br>\nS\u0105d lokalny w Bambergu, HRB 1385)<\/p>\n<h4><strong>Zdj\u0119cia<\/strong><\/h4>\n<p>Zdj\u0119cia ludzi: Heike G\u00fcnther \/\/ Zdj\u0119cia jedzenia: Patrick Ladisch<\/p>\n<h4><strong>Zastrze\u017cenie<\/strong><\/h4>\n<p><strong><em>Tre\u015b\u0107 oferty online<\/em><\/strong><\/p>\n<p>Autor nie ponosi odpowiedzialno\u015bci za aktualno\u015b\u0107, poprawno\u015b\u0107, kompletno\u015b\u0107 lub jako\u015b\u0107 udost\u0119pnionych informacji. Roszczenia wobec autora z tytu\u0142u odpowiedzialno\u015bci za szkody materialne lub niematerialne spowodowane wykorzystaniem lub niewykorzystaniem dostarczonych informacji lub wykorzystaniem nieprawid\u0142owych lub niekompletnych informacji s\u0105 zasadniczo wykluczone, chyba \u017ce istniej\u0105 dowody umy\u015blnego dzia\u0142ania lub ra\u017c\u0105cego niedbalstwa ze strony autora. Wszystkie oferty mog\u0105 ulec zmianie i nie s\u0105 wi\u0105\u017c\u0105ce. Autor wyra\u017anie zastrzega sobie prawo do zmiany, uzupe\u0142nienia lub usuni\u0119cia cz\u0119\u015bci stron lub ca\u0142ej oferty bez uprzedniego powiadomienia lub do zaprzestania publikacji tymczasowo lub na sta\u0142e.<\/p>\n<h4><strong>Odniesienia i linki<\/strong><\/h4>\n<p>W przypadku bezpo\u015brednich lub po\u015brednich odniesie\u0144 do zewn\u0119trznych stron internetowych (\u201chiper\u0142\u0105cza\u201d), kt\u00f3re znajduj\u0105 si\u0119 poza obszarem odpowiedzialno\u015bci autora, obowi\u0105zek odpowiedzialno\u015bci wchodzi w \u017cycie tylko wtedy, gdy autor jest \u015bwiadomy tre\u015bci i by\u0142oby technicznie mo\u017cliwe i uzasadnione, aby uniemo\u017cliwi\u0107 korzystanie z nich w przypadku nielegalnych tre\u015bci. Autor niniejszym wyra\u017anie o\u015bwiadcza, \u017ce w momencie tworzenia link\u00f3w na stronach, do kt\u00f3rych prowadz\u0105 linki, nie by\u0142y widoczne \u017cadne nielegalne tre\u015bci. Autor nie ma \u017cadnego wp\u0142ywu na aktualny i przysz\u0142y wygl\u0105d, tre\u015b\u0107 lub autorstwo stron, do kt\u00f3rych prowadz\u0105 linki. W zwi\u0105zku z tym autor wyra\u017anie dystansuje si\u0119 od wszelkich tre\u015bci wszystkich powi\u0105zanych stron, kt\u00f3re zosta\u0142y zmienione po utworzeniu linku. O\u015bwiadczenie to dotyczy wszystkich link\u00f3w i odno\u015bnik\u00f3w umieszczonych na w\u0142asnej stronie internetowej autora. Odpowiedzialno\u015b\u0107 za nielegalne, b\u0142\u0119dne lub niekompletne tre\u015bci, a w szczeg\u00f3lno\u015bci za szkody wynikaj\u0105ce z wykorzystania lub niewykorzystania takich informacji, spoczywa wy\u0142\u0105cznie na dostawcy strony, do kt\u00f3rej nast\u0119puje odniesienie, a nie na osobie, kt\u00f3ra jedynie odsy\u0142a do danej publikacji za po\u015brednictwem link\u00f3w.<\/p>\n<h4><strong>Prawo autorskie i prawo dotycz\u0105ce etykietowania<\/strong><\/h4>\n<p>Autor stara si\u0119 przestrzega\u0107 praw autorskich do obraz\u00f3w, grafik, dokument\u00f3w d\u017awi\u0119kowych, sekwencji wideo i tekst\u00f3w wykorzystywanych we wszystkich publikacjach, wykorzystywa\u0107 obrazy, grafiki, dokumenty d\u017awi\u0119kowe, sekwencje wideo i teksty stworzone przez siebie lub korzysta\u0107 z wolnych od licencji grafik, dokument\u00f3w d\u017awi\u0119kowych, sekwencji wideo i tekst\u00f3w. Wszystkie marki i znaki towarowe wymienione na stronie internetowej i ewentualnie chronione przez osoby trzecie podlegaj\u0105 bez ogranicze\u0144 przepisom obowi\u0105zuj\u0105cego prawa o znakach towarowych i prawom w\u0142asno\u015bci odpowiednich zarejestrowanych w\u0142a\u015bcicieli. Samo wymienienie znaku towarowego nie oznacza, \u017ce nie jest on chroniony prawami os\u00f3b trzecich! Prawa autorskie do opublikowanych obiekt\u00f3w stworzonych przez samego autora nale\u017c\u0105 wy\u0142\u0105cznie do autora stron. Powielanie lub wykorzystywanie obiekt\u00f3w takich jak wykresy, d\u017awi\u0119ki lub teksty w innych publikacjach elektronicznych lub drukowanych jest niedozwolone bez zgody autora.<\/p>\n<h4><strong>Wa\u017cno\u015b\u0107 prawna niniejszego wy\u0142\u0105czenia odpowiedzialno\u015bci<\/strong><\/h4>\n<p>Niniejsze wy\u0142\u0105czenie odpowiedzialno\u015bci nale\u017cy traktowa\u0107 jako cz\u0119\u015b\u0107 publikacji internetowej, z kt\u00f3rej u\u017cytkownik zosta\u0142 przekierowany. Je\u015bli sekcje lub poszczeg\u00f3lne warunki niniejszego o\u015bwiadczenia nie s\u0105 zgodne z prawem lub prawid\u0142owe, fakt ten nie ma wp\u0142ywu na tre\u015b\u0107 lub wa\u017cno\u015b\u0107 pozosta\u0142ych cz\u0119\u015bci.<\/p>\n<h4><strong>Koncepcja, projekt i rozw\u00f3j<\/strong><\/h4>\n<p><a href=\"https:\/\/lichtblick.digital\" target=\"_blank\" rel=\"noopener nofollow\">Lichtblick Digital GmbH, agencja cyfrowa w Hamburgu<\/a><\/p>","protected":false},"excerpt":{"rendered":"<p>Br\u00fcckner-Werke KG Wendenstra\u00dfe 4 20097 Hamburg Tel.: +49-40-23 73 08 01 Fax: +49-40-23 73 08 88 Amtsgericht Hamburg, HRA 48 802 Pers\u00f6nlich haftende Gesellschafter: Thomas Br\u00fcckner, Farmgold-Vertriebs GmbH, Altendorf (Gesch\u00e4ftsf\u00fchrer: Thomas Br\u00fcckner, Dr. Karl-Ulrich Schellhaas Amtsgericht Bamberg, HRB 1385) Fotos Personenfotografien: Heike G\u00fcnther \/\/ Food-Fotos: Patrick Ladisch Haftungsausschluss Inhalt des Onlineangebots Der Autor \u00fcbernimmt keinerlei [&hellip;]<\/p>\n","protected":false},"author":1,"featured_media":0,"parent":0,"menu_order":0,"comment_status":"closed","ping_status":"closed","template":"templates\/template-privacy.php","meta":{"_acf_changed":false,"inline_featured_image":false,"wp_typography_post_enhancements_disabled":false,"footnotes":""},"class_list":["post-33","page","type-page","status-publish","hentry"],"acf":[],"_links":{"self":[{"href":"https:\/\/brueckner-werke.de\/pl\/wp-json\/wp\/v2\/pages\/33","targetHints":{"allow":["GET"]}}],"collection":[{"href":"https:\/\/brueckner-werke.de\/pl\/wp-json\/wp\/v2\/pages"}],"about":[{"href":"https:\/\/brueckner-werke.de\/pl\/wp-json\/wp\/v2\/types\/page"}],"author":[{"embeddable":true,"href":"https:\/\/brueckner-werke.de\/pl\/wp-json\/wp\/v2\/users\/1"}],"replies":[{"embeddable":true,"href":"https:\/\/brueckner-werke.de\/pl\/wp-json\/wp\/v2\/comments?post=33"}],"version-history":[{"count":10,"href":"https:\/\/brueckner-werke.de\/pl\/wp-json\/wp\/v2\/pages\/33\/revisions"}],"predecessor-version":[{"id":1801,"href":"https:\/\/brueckner-werke.de\/pl\/wp-json\/wp\/v2\/pages\/33\/revisions\/1801"}],"wp:attachment":[{"href":"https:\/\/brueckner-werke.de\/pl\/wp-json\/wp\/v2\/media?parent=33"}],"curies":[{"name":"wp","href":"https:\/\/api.w.org\/{rel}","templated":true}]}}