{"id":1434,"date":"2023-10-04T09:07:29","date_gmt":"2023-10-04T07:07:29","guid":{"rendered":"http:\/\/neu.brueckner-werke.de\/?page_id=1434"},"modified":"2024-03-27T12:41:51","modified_gmt":"2024-03-27T11:41:51","slug":"ochrona-danych","status":"publish","type":"page","link":"https:\/\/brueckner-werke.de\/pl\/datenschutz\/","title":{"rendered":"Ochrona danych"},"content":{"rendered":"<div class=\"heading-text\">\n<p>Ochrona prywatno\u015bci u\u017cytkownik\u00f3w jest dla nas bardzo wa\u017cna. Dlatego we wszystkich operacjach przetwarzania danych (np. gromadzenia, przetwarzania i przesy\u0142ania) post\u0119pujemy zgodnie z ustawowymi przepisami europejskiego i niemieckiego prawa o ochronie danych.<\/p>\n<p>Poni\u017csze o\u015bwiadczenie zawiera przegl\u0105d tego, jakie dane u\u017cytkownika s\u0105 gromadzone na naszych stronach internetowych, w jaki spos\u00f3b dane te s\u0105 wykorzystywane i przekazywane, w jaki spos\u00f3b u\u017cytkownik mo\u017ce uzyska\u0107 informacje na temat przekazanych nam informacji oraz jakie \u015brodki bezpiecze\u0144stwa podejmujemy w celu ochrony danych u\u017cytkownika.<\/p>\n<\/div>\n<h4><strong>1. kto jest osob\u0105 kontaktow\u0105 (administratorem danych) w sprawach dotycz\u0105cych ochrony danych?<\/strong><\/h4>\n<p>Administratorem danych w rozumieniu przepis\u00f3w o ochronie danych dla wszystkich proces\u00f3w przetwarzania danych przeprowadzanych za po\u015brednictwem naszych stron internetowych jest<\/p>\n<p>Br\u00fcckner-Werke KG, Wendenstrasse 4,&nbsp; 20097 Hamburg, <a href=\"mailto:bruecknerwerke@bwhh.de\">bruecknerwerke (at) bwhh.de<\/a>, telefon <a href=\"tel:494023730801\">+49\u201340-23 73 08 01<\/a>,<br>\nFaks <a href=\"tel:494023730888\">+49\u201340-23 73 08 88<\/a><\/p>\n<p>Zgodnie z wymogami prawnymi<\/p>\n<p>Pani<br>\nPrawnik Ilka Barth<br>\nHolstenwall 10<br>\n20355 Hamburg<br>\n<a href=\"mailto:datenschutz@bwhh.de\">ochrona danych (at) bwhh.de<\/a><br>\njako inspektor\u00f3w ochrony danych w naszej firmie.<\/p>\n<p>Wszelkie pytania dotycz\u0105ce ochrony danych i dochodzenia praw os\u00f3b, kt\u00f3rych dane dotycz\u0105 (patrz sekcja 6), nale\u017cy kierowa\u0107 do naszego inspektora ochrony danych.<\/p>\n<h4><strong>2. Jakich danych potrzebujemy, aby korzysta\u0107 z naszych stron internetowych? Jakie dane s\u0105 gromadzone i przechowywane podczas korzystania z witryny?<\/strong><\/h4>\n<p>Dane osobowe to wszelkie informacje dotycz\u0105ce zidentyfikowanej lub mo\u017cliwej do zidentyfikowania osoby fizycznej (\u201cosoby, kt\u00f3rej dane dotycz\u0105\u201d), takie jak imi\u0119 i nazwisko, adres, numer telefonu, data urodzenia, dane bankowe i adres IP.<\/p>\n<p>Gromadzimy i wykorzystujemy dane osobowe naszych u\u017cytkownik\u00f3w wy\u0142\u0105cznie w zakresie niezb\u0119dnym do zapewnienia funkcjonalnej strony internetowej oraz naszych tre\u015bci i us\u0142ug. Gromadzenie i wykorzystywanie danych osobowych naszych u\u017cytkownik\u00f3w odbywa si\u0119 regularnie wy\u0142\u0105cznie za zgod\u0105 u\u017cytkownika. Wyj\u0105tek stanowi\u0105 przypadki, w kt\u00f3rych uzyskanie uprzedniej zgody nie jest mo\u017cliwe z przyczyn faktycznych, a przetwarzanie danych jest dozwolone przez prawo.<\/p>\n<p>Dane u\u017cytkowania<br>\nPodczas korzystania z naszej strony internetowej rejestrowane s\u0105 nast\u0119puj\u0105ce dane, kt\u00f3rych przechowywanie s\u0142u\u017cy wy\u0142\u0105cznie wewn\u0119trznym celom systemowym i statystycznym, tzw. dane dotycz\u0105ce u\u017cytkowania:<\/p>\n<p>Informacje o typie i wersji u\u017cywanej przegl\u0105darki<br>\nSystem operacyjny u\u017cytkownika<br>\nDostawca us\u0142ug internetowych u\u017cytkownika<br>\nAdres IP u\u017cytkownika<br>\nData i godzina dost\u0119pu<br>\nStrony internetowe, z kt\u00f3rych system u\u017cytkownika uzyskuje dost\u0119p do naszej strony internetowej<br>\nStrony internetowe, do kt\u00f3rych system u\u017cytkownika uzyskuje dost\u0119p za po\u015brednictwem naszej strony internetowej<br>\nPliki dziennika zawieraj\u0105 adresy IP lub inne dane, kt\u00f3re umo\u017cliwiaj\u0105 przypisanie do u\u017cytkownika. Mo\u017ce to mie\u0107 miejsce na przyk\u0142ad w przypadku, gdy link do strony internetowej, z kt\u00f3rej u\u017cytkownik uzyskuje dost\u0119p do strony internetowej lub link do strony internetowej, na kt\u00f3r\u0105 prze\u0142\u0105cza si\u0119 u\u017cytkownik, zawiera dane osobowe.<\/p>\n<p>Dane te s\u0105 r\u00f3wnie\u017c przechowywane w plikach dziennika naszego systemu. Dane te nie s\u0105 przechowywane razem z innymi danymi osobowymi u\u017cytkownika.<\/p>\n<p>Dane s\u0105 przechowywane w plikach dziennika w celu zapewnienia funkcjonalno\u015bci strony internetowej. Dane s\u0105 r\u00f3wnie\u017c wykorzystywane do optymalizacji strony internetowej i zapewnienia bezpiecze\u0144stwa naszych system\u00f3w informatycznych. W tym kontek\u015bcie dane nie s\u0105 analizowane do cel\u00f3w marketingowych.<\/p>\n<p>Cele te stanowi\u0105 r\u00f3wnie\u017c nasz uzasadniony interes w przetwarzaniu danych zgodnie z art. 6 ust. 1 lit. f RODO. W \u017cadnym wypadku nie wykorzystujemy zebranych danych do wyci\u0105gania wniosk\u00f3w na temat osoby u\u017cytkownika.<\/p>\n<p>Dane s\u0105 usuwane, gdy tylko przestan\u0105 by\u0107 potrzebne do realizacji celu, dla kt\u00f3rego zosta\u0142y zgromadzone. W przypadku gromadzenia danych w celu udost\u0119pnienia strony internetowej ma to miejsce po zako\u0144czeniu odpowiedniej sesji.<\/p>\n<p>Je\u015bli dane s\u0105 przechowywane w plikach dziennika, ma to miejsce najp\u00f3\u017aniej po siedmiu dniach. Przechowywanie po up\u0142ywie tego okresu jest mo\u017cliwe. W takim przypadku adresy IP u\u017cytkownik\u00f3w s\u0105 usuwane lub anonimizowane, aby uniemo\u017cliwi\u0107 identyfikacj\u0119 klienta uzyskuj\u0105cego dost\u0119p.<\/p>\n<p>Gromadzenie danych w celu udost\u0119pnienia strony internetowej i przechowywanie danych w plikach dziennika jest absolutnie niezb\u0119dne do dzia\u0142ania strony internetowej. W zwi\u0105zku z tym u\u017cytkownik nie ma mo\u017cliwo\u015bci wyra\u017cenia sprzeciwu.<\/p>\n<p>U\u017cywamy r\u00f3wnie\u017c plik\u00f3w cookie i us\u0142ug analitycznych podczas odwiedzania naszej strony internetowej. Bardziej szczeg\u00f3\u0142owe informacje na ten temat mo\u017cna znale\u017a\u0107 w punkcie 5 niniejszej polityki prywatno\u015bci.<\/p>\n<p>Skontaktuj si\u0119 z nami<br>\nU\u017cytkownik mo\u017ce skontaktowa\u0107 si\u0119 z nami za po\u015brednictwem podanego adresu e\u2011mail. W takim przypadku dane osobowe u\u017cytkownika przes\u0142ane wraz z wiadomo\u015bci\u0105 e\u2011mail b\u0119d\u0105 przechowywane.<\/p>\n<p>B\u0119dziemy wykorzystywa\u0107 dane u\u017cytkownika wy\u0142\u0105cznie w celu przetworzenia jego wniosku i mo\u017cemy skontaktowa\u0107 si\u0119 z nim w tym celu, korzystaj\u0105c z podanych danych kontaktowych. Dane te nie b\u0119d\u0105 wykorzystywane do cel\u00f3w reklamowych ani przekazywane stronom trzecim.<\/p>\n<p>Przetwarzanie danych w celu rejestracji odbywa si\u0119 zgodnie z art. 6 ust. 1 zdanie 1 lit. a RODO na podstawie dobrowolnej zgody u\u017cytkownika.<\/p>\n<p>Podstaw\u0105 prawn\u0105 przetwarzania danych przekazywanych w trakcie wysy\u0142ania wiadomo\u015bci e\u2011mail jest art. 6 ust. 1 lit. f RODO. Je\u015bli kontakt e\u2011mailowy ma na celu zawarcie umowy, dodatkow\u0105 podstaw\u0105 prawn\u0105 przetwarzania jest art. 6 ust. 1 lit. b RODO.<\/p>\n<p>Przetwarzanie danych osobowych zawartych w przes\u0142anej do nas wiadomo\u015bci e\u2011mail s\u0142u\u017cy nam wy\u0142\u0105cznie do obs\u0142ugi kontaktu. Stanowi to r\u00f3wnie\u017c niezb\u0119dny uzasadniony interes w przetwarzaniu danych.<\/p>\n<p>Dane s\u0105 usuwane, gdy tylko przestan\u0105 by\u0107 potrzebne do realizacji celu, dla kt\u00f3rego zosta\u0142y zgromadzone. W przypadku danych osobowych przesy\u0142anych poczt\u0105 elektroniczn\u0105 ma to miejsce po zako\u0144czeniu odpowiedniej konwersacji z u\u017cytkownikiem. Rozmowa zostaje zako\u0144czona, gdy z okoliczno\u015bci mo\u017cna wywnioskowa\u0107, \u017ce dana kwestia zosta\u0142a ostatecznie wyja\u015bniona.<\/p>\n<p>U\u017cytkownik ma mo\u017cliwo\u015b\u0107 odwo\u0142ania swojej zgody na przetwarzanie danych osobowych w dowolnym momencie. Je\u015bli u\u017cytkownik skontaktuje si\u0119 z nami za po\u015brednictwem poczty elektronicznej, mo\u017ce w dowolnym momencie sprzeciwi\u0107 si\u0119 przechowywaniu swoich danych osobowych. W takim przypadku rozmowa nie mo\u017ce by\u0107 kontynuowana.<\/p>\n<p>W takim przypadku wszystkie dane osobowe przechowywane w trakcie kontaktu z nami zostan\u0105 usuni\u0119te.<\/p>\n<h4><strong>3. w jaki spos\u00f3b moje dane b\u0119d\u0105 wykorzystywane i ewentualnie przekazywane osobom trzecim oraz w jakim celu?<\/strong><\/h4>\n<p>Podane przez u\u017cytkownika dane osobowe wykorzystujemy w celu udzielania odpowiedzi na zapytania, przetwarzania zam\u00f3wie\u0144 w naszym sklepie internetowym oraz w celu udzielania porad przez naszych przedstawicieli handlowych i kontaktowania si\u0119 z u\u017cytkownikiem drog\u0105 elektroniczn\u0105. Dane u\u017cytkownika wykorzystujemy wy\u0142\u0105cznie w celu sprawdzenia jego zdolno\u015bci kredytowej, je\u015bli dokonujemy p\u0142atno\u015bci z g\u00f3ry za zam\u00f3wienie, np. w przypadku zam\u00f3wienia na konto. (Og\u00f3lna kontrola zdolno\u015bci kredytowej bez zgody osoby zainteresowanej by\u0142aby niedozwolona! Zainteresowanie u\u017cytkownika informacjami na temat zdolno\u015bci kredytowej kupuj\u0105cego mia\u0142oby pierwsze\u0144stwo tylko w przypadku p\u0142atno\u015bci z g\u00f3ry).<\/p>\n<p>Dane osobowe u\u017cytkownika b\u0119d\u0105 przekazywane, sprzedawane lub w inny spos\u00f3b przekazywane stronom trzecim tylko wtedy, gdy przekazanie jest niezb\u0119dne do cel\u00f3w realizacji umowy lub do cel\u00f3w rozliczeniowych lub do pobrania p\u0142atno\u015bci zgodnie z art. 6 ust. 1 zdanie 1 lit. b RODO lub je\u015bli u\u017cytkownik wyra\u017anie wyrazi\u0142 na to zgod\u0119 zgodnie z art. 6 ust. 1 zdanie 1 lit. a RODO. Ponadto jeste\u015bmy uprawnieni do przekazywania danych osobowych do cel\u00f3w windykacji nale\u017cno\u015bci zgodnie z art. 6 ust. 1 zdanie 1 lit. b RODO i zastrzegamy sobie prawo do wymiany danych z organizacjami ochrony gospodarki (np. Schufa); oczywi\u015bcie tylko wtedy, gdy spe\u0142nione s\u0105 wymogi prawne.<\/p>\n<p>Ujawnienie w przypadkach nakazanych przez prawo<br>\nZwracamy uwag\u0119, \u017ce jeste\u015bmy uprawnieni do przekazywania informacji o danych w indywidualnych przypadkach zgodnie z art. 6 ust. 1 lit. c RODO na polecenie w\u0142a\u015bciwego organu, o ile jest to konieczne do cel\u00f3w post\u0119powania karnego, w celu zapobie\u017cenia niebezpiecze\u0144stwu przez organy policyjne kraj\u00f3w zwi\u0105zkowych, w celu wype\u0142nienia zada\u0144 prawnych federalnych i krajowych organ\u00f3w ochrony konstytucji, Federalnej S\u0142u\u017cby Wywiadowczej lub S\u0142u\u017cby Kontrwywiadu Wojskowego lub w celu egzekwowania praw w\u0142asno\u015bci intelektualnej.<\/p>\n<h4><strong>4. jakie \u015brodki bezpiecze\u0144stwa podj\u0119li\u015bmy w celu ochrony danych u\u017cytkownika?<\/strong><\/h4>\n<p>Podj\u0119li\u015bmy szereg \u015brodk\u00f3w bezpiecze\u0144stwa w celu ochrony danych osobowych w odpowiednim zakresie i w odpowiedni spos\u00f3b.<\/p>\n<p>Nasze bazy danych s\u0105 chronione za pomoc\u0105 \u015brodk\u00f3w fizycznych, technicznych i proceduralnych, kt\u00f3re ograniczaj\u0105 dost\u0119p do informacji do specjalnie upowa\u017cnionych os\u00f3b zgodnie z niniejsz\u0105 Polityk\u0105 prywatno\u015bci. Nasz system informatyczny znajduje si\u0119 za zapor\u0105 programow\u0105, aby uniemo\u017cliwi\u0107 dost\u0119p z innych sieci pod\u0142\u0105czonych do Internetu. Dost\u0119p do danych osobowych maj\u0105 wy\u0142\u0105cznie pracownicy, kt\u00f3rzy potrzebuj\u0105 tych informacji do wykonania okre\u015blonego zadania. Nasi pracownicy s\u0105 przeszkoleni w zakresie praktyk bezpiecze\u0144stwa i prywatno\u015bci.<\/p>\n<p>Nie mo\u017cemy zagwarantowa\u0107 pe\u0142nego bezpiecze\u0144stwa danych podczas komunikacji za po\u015brednictwem poczty elektronicznej.<\/p>\n<h4><strong>5. Podczas korzystania z naszej strony internetowej na komputerze u\u017cytkownika zapisywany jest plik cookie. Co to oznacza?<\/strong><\/h4>\n<p>Na naszych stronach internetowych u\u017cywamy tak zwanych plik\u00f3w cookie. Pliki cookie to niewielkie ilo\u015bci danych w postaci informacji tekstowych, kt\u00f3re serwer internetowy wysy\u0142a do przegl\u0105darki u\u017cytkownika. S\u0105 one przechowywane wy\u0142\u0105cznie na dysku twardym u\u017cytkownika. Pliki cookie mog\u0105 by\u0107 odczytywane wy\u0142\u0105cznie przez serwer, kt\u00f3ry je wcze\u015bniej zapisa\u0142, i otrzymuj\u0105 informacje o tym, co i kiedy u\u017cytkownik przegl\u0105da\u0142 na stronie internetowej. Same pliki cookie identyfikuj\u0105 jedynie adres IP komputera u\u017cytkownika i nie przechowuj\u0105 \u017cadnych danych osobowych, takich jak imi\u0119 i nazwisko. Dane przechowywane w plikach cookie nie s\u0105 powi\u0105zane z danymi osobowymi u\u017cytkownika (imi\u0119 i nazwisko, adres itp.).<\/p>\n<p>Pliki cookie nie powoduj\u0105 \u017cadnych szk\u00f3d na urz\u0105dzeniu ko\u0144cowym, poniewa\u017c nie zawieraj\u0105 wirus\u00f3w, trojan\u00f3w ani z\u0142o\u015bliwego oprogramowania.<\/p>\n<p>U\u017cywamy plik\u00f3w cookie, aby uczyni\u0107 nasz\u0105 witryn\u0119 bardziej przyjazn\u0105 dla u\u017cytkownika. Niekt\u00f3re elementy naszej strony internetowej wymagaj\u0105, aby przegl\u0105darka uzyskuj\u0105ca dost\u0119p mog\u0142a zosta\u0107 zidentyfikowana nawet po zmianie strony.<\/p>\n<p>Nast\u0119puj\u0105ce dane s\u0105 przechowywane i przesy\u0142ane w plikach cookie:<\/p>\n<p>Identyfikator sesji,<br>\nJ\u0119zyk,<br>\nZebrane w ten spos\u00f3b dane u\u017cytkownika s\u0105 pseudonimizowane za pomoc\u0105 \u015brodk\u00f3w technicznych. W zwi\u0105zku z tym nie jest ju\u017c mo\u017cliwe przypisanie danych do u\u017cytkownika uzyskuj\u0105cego dost\u0119p. Dane nie s\u0105 przechowywane razem z innymi danymi osobowymi u\u017cytkownika.<\/p>\n<p>U\u017cytkownik mo\u017ce sam zdecydowa\u0107, czy chce akceptowa\u0107 pliki cookie. Zmieniaj\u0105c ustawienia przegl\u0105darki (zazwyczaj dost\u0119pne w menu \u201cOpcje\u201d lub \u201cUstawienia\u201d), u\u017cytkownik mo\u017ce zaakceptowa\u0107 wszystkie pliki cookie, otrzymywa\u0107 informacje o ich ustawieniu lub odrzuci\u0107 wszystkie pliki cookie.<\/p>\n<p>Zapisane pliki cookie<\/p>\n<p>Strona internetowa:<br>\n\u201ca2d780e777c8e9d5c53cc3879ffc6da2\u201d s\u0142u\u017cy do identyfikacji sesji; Czas przechowywania: Sesja<br>\n\u201c743c76ffd5b24a503b4370e5c236bb36\u201d s\u0142u\u017cy do identyfikacji sesji; Czas przechowywania: Sesja<\/p>\n<h4><strong>6. prawa os\u00f3b, kt\u00f3rych dane dotycz\u0105<\/strong><\/h4>\n<p>Je\u015bli Twoje dane osobowe s\u0105 przetwarzane, jeste\u015b osob\u0105, kt\u00f3rej dane dotycz\u0105 w rozumieniu RODO i przys\u0142uguj\u0105 Ci nast\u0119puj\u0105ce prawa wobec administratora:<\/p>\n<p>Informacje<br>\nZgodnie z art. 15 RODO u\u017cytkownik ma prawo za\u017c\u0105da\u0107 informacji o przetwarzanych przez nas jego danych osobowych. W szczeg\u00f3lno\u015bci mo\u017cesz za\u017c\u0105da\u0107 informacji o celach przetwarzania, kategorii danych osobowych, kategorii odbiorc\u00f3w, kt\u00f3rym Twoje dane zosta\u0142y lub zostan\u0105 ujawnione, planowanym okresie przechowywania, istnieniu prawa do sprostowania, usuni\u0119cia, ograniczenia przetwarzania lub sprzeciwu, istnieniu prawa do z\u0142o\u017cenia skargi, pochodzeniu Twoich danych, je\u015bli nie zosta\u0142y przez nas zebrane, oraz istnieniu zautomatyzowanego podejmowania decyzji, w tym profilowania i, w stosownych przypadkach, istotnych informacji o jego szczeg\u00f3\u0142ach.<\/p>\n<p>Korekta, zako\u0144czenie<br>\nZgodnie z art. 16 RODO u\u017cytkownik ma prawo za\u017c\u0105da\u0107 natychmiastowej korekty nieprawid\u0142owych lub niekompletnych danych osobowych przechowywanych przez nas.<\/p>\n<p>Anulowanie<br>\nZgodnie z art. 17 RODO u\u017cytkownik ma prawo za\u017c\u0105da\u0107 usuni\u0119cia swoich danych osobowych przechowywanych przez nas, chyba \u017ce przetwarzanie jest niezb\u0119dne do korzystania z prawa do wolno\u015bci wypowiedzi i informacji, do wype\u0142nienia obowi\u0105zku prawnego, ze wzgl\u0119du na interes publiczny lub w celu ustalenia, dochodzenia lub obrony roszcze\u0144 prawnych.<\/p>\n<p>Ograniczenie<br>\nZgodnie z art. 18 RODO u\u017cytkownik ma prawo za\u017c\u0105da\u0107 ograniczenia przetwarzania swoich danych osobowych, je\u017celi u\u017cytkownik kwestionuje prawid\u0142owo\u015b\u0107 danych, przetwarzanie jest niezgodne z prawem, ale u\u017cytkownik odmawia ich usuni\u0119cia, a my nie potrzebujemy ju\u017c tych danych, ale s\u0105 one potrzebne do dochodzenia, wykonywania lub obrony roszcze\u0144 prawnych lub u\u017cytkownik wni\u00f3s\u0142 sprzeciw wobec przetwarzania zgodnie z art. 21 RODO.<\/p>\n<p>Prawo do przenoszenia danych<br>\nZgodnie z art. 20 RODO u\u017cytkownik ma prawo otrzyma\u0107 swoje dane osobowe, kt\u00f3re nam przekaza\u0142, w ustrukturyzowanym, powszechnie u\u017cywanym formacie nadaj\u0105cym si\u0119 do odczytu maszynowego lub za\u017c\u0105da\u0107 przekazania ich innemu administratorowi.<\/p>\n<p>Cofni\u0119cie<br>\nU\u017cytkownik ma prawo w dowolnym momencie odwo\u0142a\u0107 udzielon\u0105 nam zgod\u0119 zgodnie z art. 7 ust. 3 RODO. W konsekwencji nie b\u0119dziemy mogli w przysz\u0142o\u015bci kontynuowa\u0107 przetwarzania danych opartego na tej zgodzie.<\/p>\n<p>Skarga<br>\nU\u017cytkownik ma prawo do wniesienia skargi do organu nadzorczego zgodnie z art. 77 RODO. Co do zasady, u\u017cytkownik mo\u017ce skontaktowa\u0107 si\u0119 z organem nadzorczym w\u0142a\u015bciwym dla jego zwyk\u0142ego miejsca zamieszkania lub miejsca pracy lub siedziby naszej firmy.<\/p>\n<p>Zautomatyzowane podejmowanie decyzji w indywidualnych przypadkach, w tym profilowanie<br>\nU\u017cytkownik ma prawo nie podlega\u0107 decyzji opartej wy\u0142\u0105cznie na zautomatyzowanym przetwarzaniu, w tym profilowaniu, kt\u00f3re wywo\u0142uje wobec niego skutki prawne lub w podobny spos\u00f3b istotnie na niego wp\u0142ywa. Nie ma to zastosowania, je\u015bli decyzja<\/p>\n<p>jest niezb\u0119dne do zawarcia lub wykonania umowy mi\u0119dzy u\u017cytkownikiem a administratorem,<br>\njest dozwolone na mocy prawa Unii lub prawa pa\u0144stwa cz\u0142onkowskiego, kt\u00f3remu podlega administrator i kt\u00f3re ustanawia r\u00f3wnie\u017c odpowiednie \u015brodki w celu ochrony praw i wolno\u015bci oraz uzasadnionych interes\u00f3w u\u017cytkownika; lub<br>\nza wyra\u017an\u0105 zgod\u0105 u\u017cytkownika.<br>\nDecyzje te nie mog\u0105 jednak opiera\u0107 si\u0119 na szczeg\u00f3lnych kategoriach danych osobowych zgodnie z art. 9 ust. 1 RODO, chyba \u017ce zastosowanie ma art. 9 ust. 2 lit. a lub g i podj\u0119to odpowiednie \u015brodki w celu ochrony praw i wolno\u015bci oraz uzasadnionych interes\u00f3w u\u017cytkownika.<\/p>\n<p>W przypadkach, o kt\u00f3rych mowa w (1) i (3), administrator danych wdra\u017ca odpowiednie \u015brodki w celu ochrony praw i wolno\u015bci oraz uzasadnionych interes\u00f3w u\u017cytkownika, w tym co najmniej prawa do uzyskania interwencji ludzkiej ze strony administratora, do wyra\u017cenia w\u0142asnego stanowiska i do zakwestionowania decyzji.<\/p>\n<h4><strong>7. prawo do sprzeciwu<\/strong><\/h4>\n<p>Je\u015bli dane osobowe u\u017cytkownika s\u0105 przetwarzane na podstawie prawnie uzasadnionych interes\u00f3w zgodnie z art. 6 ust. 1 lit. f RODO, u\u017cytkownik ma prawo wnie\u015b\u0107 sprzeciw wobec przetwarzania jego danych osobowych zgodnie z art. 21 RODO, o ile istniej\u0105 ku temu powody wynikaj\u0105ce z jego szczeg\u00f3lnej sytuacji lub sprzeciw jest skierowany przeciwko reklamie bezpo\u015bredniej. W tym ostatnim przypadku u\u017cytkownik ma og\u00f3lne prawo do sprzeciwu, kt\u00f3re zostanie przez nas wdro\u017cone bez okre\u015blania konkretnej sytuacji.<\/p>\n<p>Aby skorzysta\u0107 z prawa do anulowania lub sprzeciwu, wystarczy wys\u0142a\u0107 wiadomo\u015b\u0107 e\u2011mail na adres <a href=\"mailto:bruecknerwerke@bwhh.de\">bruecknerwerke (at) bwhh.de<\/a>.<\/p>\n<h4><strong>8. bezpiecze\u0144stwo danych<\/strong><\/h4>\n<p>Stosujemy r\u00f3wnie\u017c odpowiednie techniczne i organizacyjne \u015brodki bezpiecze\u0144stwa w celu ochrony danych u\u017cytkownika przed przypadkow\u0105 lub celow\u0105 manipulacj\u0105, cz\u0119\u015bciow\u0105 lub ca\u0142kowit\u0105 utrat\u0105, zniszczeniem lub nieuprawnionym dost\u0119pem os\u00f3b trzecich. Nasze \u015brodki bezpiecze\u0144stwa s\u0105 stale ulepszane zgodnie z rozwojem technologicznym.<\/p>\n<h4><strong>9. zmiany w niniejszej polityce prywatno\u015bci<\/strong><\/h4>\n<p>Niniejsza polityka prywatno\u015bci jest obecnie wa\u017cna i zosta\u0142a ostatnio zaktualizowana w maju 2018 r.<\/p>\n<p>Zastrzegamy sobie prawo do zmiany niniejszego o\u015bwiadczenia o ochronie danych osobowych w razie potrzeby i bez wcze\u015bniejszego powiadomienia. Dlatego prosimy o regularne sprawdzanie tej strony pod k\u0105tem wszelkich zmian w niniejszej polityce prywatno\u015bci.<\/p>\n<a href=\"#\" class=\"_brlbs-btn-cookie-preference borlabs-cookie-preference\">Zmiana ustawie\u0144 plik\u00f3w cookie<\/a>","protected":false},"excerpt":{"rendered":"<p>Die Wahrung Ihrer Privatsph\u00e4re ist uns ein gro\u00dfes Anliegen. Wir verfahren daher bei allen Vorg\u00e4ngen der Datenverarbeitung (z.B. Erhebung, Verarbeitung und \u00dcbermittlung) nach den gesetzlichen Regelungen des europ\u00e4ischen und deutschen Datenschutzrechts. Die nachfolgende Erkl\u00e4rung gibt Ihnen einen \u00dcberblick dar\u00fcber, welche Ihrer Daten auf unseren Webseiten erfragt werden, in welcher Weise diese Daten genutzt und weitergegeben [&hellip;]<\/p>\n","protected":false},"author":1,"featured_media":0,"parent":0,"menu_order":0,"comment_status":"closed","ping_status":"closed","template":"templates\/template-privacy.php","meta":{"_acf_changed":false,"inline_featured_image":false,"wp_typography_post_enhancements_disabled":false,"footnotes":""},"class_list":["post-1434","page","type-page","status-publish","hentry"],"acf":[],"_links":{"self":[{"href":"https:\/\/brueckner-werke.de\/pl\/wp-json\/wp\/v2\/pages\/1434","targetHints":{"allow":["GET"]}}],"collection":[{"href":"https:\/\/brueckner-werke.de\/pl\/wp-json\/wp\/v2\/pages"}],"about":[{"href":"https:\/\/brueckner-werke.de\/pl\/wp-json\/wp\/v2\/types\/page"}],"author":[{"embeddable":true,"href":"https:\/\/brueckner-werke.de\/pl\/wp-json\/wp\/v2\/users\/1"}],"replies":[{"embeddable":true,"href":"https:\/\/brueckner-werke.de\/pl\/wp-json\/wp\/v2\/comments?post=1434"}],"version-history":[{"count":10,"href":"https:\/\/brueckner-werke.de\/pl\/wp-json\/wp\/v2\/pages\/1434\/revisions"}],"predecessor-version":[{"id":1847,"href":"https:\/\/brueckner-werke.de\/pl\/wp-json\/wp\/v2\/pages\/1434\/revisions\/1847"}],"wp:attachment":[{"href":"https:\/\/brueckner-werke.de\/pl\/wp-json\/wp\/v2\/media?parent=1434"}],"curies":[{"name":"wp","href":"https:\/\/api.w.org\/{rel}","templated":true}]}}