{"id":33,"date":"2023-05-19T17:03:51","date_gmt":"2023-05-19T15:03:51","guid":{"rendered":"http:\/\/neu.brueckner-werke.de\/?page_id=33"},"modified":"2024-01-25T09:56:11","modified_gmt":"2024-01-25T08:56:11","slug":"impronta","status":"publish","type":"page","link":"https:\/\/brueckner-werke.de\/it\/impressum\/","title":{"rendered":"Impronta"},"content":{"rendered":"<p class=\"heading-text\">Br\u00fcckner-Werke KG<br>\nWendenstrasse 4<br>\n20097 Amburgo<\/p>\n<p><a href=\"tel:494023730801\">Telefono: +49\u201340-23 73 08 01<\/a><br>\n<a href=\"tel:494023730888\">Fax: +49\u201340-23 73 08 88<\/a><\/p>\n<p><strong>Tribunale di Amburgo, HRA 48 802<br>\nSoci personalmente responsabili:<\/strong><\/p>\n<p>Thomas Br\u00fcckner, Farmgold-Vertriebs GmbH, Altendorf<br>\n(Direttori generali: Thomas Br\u00fcckner, Dr. Karl-Ulrich Schellhaas)<br>\nTribunale di Bamberg, HRB 1385)<\/p>\n<h4><strong>Foto<\/strong><\/h4>\n<p>Foto di persone: Heike G\u00fcnther \/\/ Foto di cibo: Patrick Ladisch<\/p>\n<h4><strong>Dichiarazione di non responsabilit\u00e0<\/strong><\/h4>\n<p><strong><em>Contenuto dell\u2019offerta online<\/em><\/strong><\/p>\n<p>L\u2019autore non si assume alcuna responsabilit\u00e0 per l\u2019attualit\u00e0, la correttezza, la completezza o la qualit\u00e0 delle informazioni fornite. Le richieste di responsabilit\u00e0 nei confronti dell\u2019autore relative a danni materiali o immateriali causati dall\u2019uso o dal mancato uso delle informazioni fornite o dall\u2019uso di informazioni errate o incomplete sono fondamentalmente escluse, a meno che non vi siano prove di dolo o grave negligenza da parte dell\u2019autore. Tutte le offerte sono soggette a modifiche e non vincolanti. L\u2019autore si riserva espressamente il diritto di modificare, integrare o cancellare parti delle pagine o l\u2019intera offerta senza preavviso o di interrompere temporaneamente o definitivamente la pubblicazione.<\/p>\n<h4><strong>Riferimenti e link<\/strong><\/h4>\n<p>Nel caso di riferimenti diretti o indiretti a siti web esterni (\u201chyperlink\u201d) che non rientrano nell\u2019ambito di responsabilit\u00e0 dell\u2019autore, l\u2019obbligo di responsabilit\u00e0 entrerebbe in vigore solo nel caso in cui l\u2019autore fosse a conoscenza dei contenuti e fosse tecnicamente possibile e ragionevole per lui impedirne l\u2019utilizzo in caso di contenuti illegali. L\u2019autore dichiara espressamente che al momento della creazione dei link non erano riconoscibili contenuti illegali nelle pagine collegate. L\u2019autore non ha alcuna influenza sul design attuale e futuro, sui contenuti e sulla paternit\u00e0 delle pagine collegate. L\u2019autore prende quindi espressamente le distanze da tutti i contenuti di tutte le pagine collegate che sono stati modificati dopo la creazione del link. Questa dichiarazione vale per tutti i link e i riferimenti presenti sul sito web dell\u2019autore. La responsabilit\u00e0 per contenuti illegali, errati o incompleti e in particolare per i danni derivanti dall\u2019uso o dal mancato uso di tali informazioni ricade esclusivamente sul fornitore della pagina a cui si fa riferimento, non su chi si limita a rimandare alla rispettiva pubblicazione tramite link.<\/p>\n<h4><strong>Diritto d\u2019autore e di etichettatura<\/strong><\/h4>\n<p>L\u2019autore si impegna a rispettare i diritti d\u2019autore delle immagini, dei grafici, dei documenti sonori, delle sequenze video e dei testi utilizzati in tutte le pubblicazioni, a utilizzare immagini, grafici, documenti sonori, sequenze video e testi creati da lui stesso o a fare uso di grafici, documenti sonori, sequenze video e testi privi di licenza. Tutti i marchi e le marche citati sul sito web ed eventualmente protetti da terzi sono soggetti senza limitazioni alle disposizioni del diritto dei marchi in vigore e ai diritti di propriet\u00e0 dei rispettivi proprietari registrati. La semplice menzione di un marchio non implica che esso non sia protetto da diritti di terzi! Il diritto d\u2019autore per gli oggetti pubblicati creati dall\u2019autore stesso rimane esclusivamente all\u2019autore delle pagine. La duplicazione o l\u2019utilizzo di oggetti come diagrammi, suoni o testi in altre pubblicazioni elettroniche o stampate non \u00e8 consentita senza il consenso dell\u2019autore.<\/p>\n<h4><strong>Validit\u00e0 legale della presente clausola di esclusione della responsabilit\u00e0<\/strong><\/h4>\n<p>La presente dichiarazione di non responsabilit\u00e0 deve essere considerata parte integrante della pubblicazione internet da cui siete stati indirizzati. Se sezioni o singoli termini di questa dichiarazione non sono legali o corretti, il contenuto o la validit\u00e0 delle altre parti non sono influenzati da questo fatto.<\/p>\n<h4><strong>Concezione, progettazione e sviluppo<\/strong><\/h4>\n<p><a href=\"https:\/\/lichtblick.digital\" target=\"_blank\" rel=\"noopener nofollow\">Lichtblick Digital GmbH, Agenzia digitale di Amburgo<\/a><\/p>","protected":false},"excerpt":{"rendered":"<p>Br\u00fcckner-Werke KG Wendenstra\u00dfe 4 20097 Hamburg Tel.: +49-40-23 73 08 01 Fax: +49-40-23 73 08 88 Amtsgericht Hamburg, HRA 48 802 Pers\u00f6nlich haftende Gesellschafter: Thomas Br\u00fcckner, Farmgold-Vertriebs GmbH, Altendorf (Gesch\u00e4ftsf\u00fchrer: Thomas Br\u00fcckner, Dr. Karl-Ulrich Schellhaas Amtsgericht Bamberg, HRB 1385) Fotos Personenfotografien: Heike G\u00fcnther \/\/ Food-Fotos: Patrick Ladisch Haftungsausschluss Inhalt des Onlineangebots Der Autor \u00fcbernimmt keinerlei [&hellip;]<\/p>\n","protected":false},"author":1,"featured_media":0,"parent":0,"menu_order":0,"comment_status":"closed","ping_status":"closed","template":"templates\/template-privacy.php","meta":{"_acf_changed":false,"inline_featured_image":false,"wp_typography_post_enhancements_disabled":false,"footnotes":""},"class_list":["post-33","page","type-page","status-publish","hentry"],"acf":[],"_links":{"self":[{"href":"https:\/\/brueckner-werke.de\/it\/wp-json\/wp\/v2\/pages\/33","targetHints":{"allow":["GET"]}}],"collection":[{"href":"https:\/\/brueckner-werke.de\/it\/wp-json\/wp\/v2\/pages"}],"about":[{"href":"https:\/\/brueckner-werke.de\/it\/wp-json\/wp\/v2\/types\/page"}],"author":[{"embeddable":true,"href":"https:\/\/brueckner-werke.de\/it\/wp-json\/wp\/v2\/users\/1"}],"replies":[{"embeddable":true,"href":"https:\/\/brueckner-werke.de\/it\/wp-json\/wp\/v2\/comments?post=33"}],"version-history":[{"count":10,"href":"https:\/\/brueckner-werke.de\/it\/wp-json\/wp\/v2\/pages\/33\/revisions"}],"predecessor-version":[{"id":1801,"href":"https:\/\/brueckner-werke.de\/it\/wp-json\/wp\/v2\/pages\/33\/revisions\/1801"}],"wp:attachment":[{"href":"https:\/\/brueckner-werke.de\/it\/wp-json\/wp\/v2\/media?parent=33"}],"curies":[{"name":"wp","href":"https:\/\/api.w.org\/{rel}","templated":true}]}}