{"id":33,"date":"2023-05-19T17:03:51","date_gmt":"2023-05-19T15:03:51","guid":{"rendered":"http:\/\/neu.brueckner-werke.de\/?page_id=33"},"modified":"2024-01-25T09:56:11","modified_gmt":"2024-01-25T08:56:11","slug":"mentions-legales","status":"publish","type":"page","link":"https:\/\/brueckner-werke.de\/fr\/impressum\/","title":{"rendered":"Mentions l\u00e9gales"},"content":{"rendered":"<p class=\"heading-text\">Br\u00fcckner-Werke KG<br>\nWendenstrasse 4<br>\n20097 Hambourg<\/p>\n<p><a href=\"tel:494023730801\">T\u00e9l. : +49\u201340-23 73 08 01<\/a><br>\n<a href=\"tel:494023730888\">T\u00e9l\u00e9copieur : +49\u201340-23 73 08 88<\/a><\/p>\n<p><strong>Tribunal d\u00b4istance de Hambourg, HRA 48802<br>\nAssoci\u00e9s responsables personellement :<\/strong><\/p>\n<p>Thomas Br\u00fcckner, Farmgold-Vertriebs GmbH, Altendorf<br>\n(G\u00e9rants : Thomas Br\u00fcckner, Dr. Karl-Ulrich Schellhaas)<br>\nTribunal d\u00b4istance de Bamberg, HRB 1385<\/p>\n<h4><strong>Photos<\/strong><\/h4>\n<p>Photographies de personnes : Heike G\u00fcnther \/\/ Photographies d\u00b4aliments : Patrick Ladisch<\/p>\n<h4><strong>Clause de non-responsabilit\u00e9<\/strong><\/h4>\n<p><strong><em>Contenu de l\u00b4offre en ligne<\/em><\/strong><\/p>\n<p>L\u00b4auteur n\u00b4assume aucune garantie quant \u00e0 l\u00e1ctualit\u00e9, l\u00b4exactitude, l\u00b4exhaustivit\u00e9 ou la qualit\u00e9 des informations mises \u00e0 disposition.Toute pr\u00e9tention en responsabilit\u00e9 \u00e0 l\u00b4encontre de l\u00b4auteur se rapportant \u00e0 des dommages mat\u00e9riels ou immat\u00e9riels caus\u00e9s par l\u00b4utilisation ou la non-utilisation des informations pr\u00e9sent\u00e9es ou par l\u00b4utilisation d\u00b4informations erron\u00e9es ou incompl\u00e8tes est fondamentalement exclue, dans la mesure o\u00f9 il n\u00b4est pas prouv\u00e9 que l\u00b4auteur a commis une faute intentionnelle ou une n\u00e9gligencegrave. Toutes les offres sont sans engagement et non contractuelles. L\u00b4auteur se r\u00e9serve express\u00e9ment le droit de modifier, de compl\u00e9ter ou de supprimer des parties de pages ou l\u00b4ensemble de l\u00b4offre sans avis pr\u00e9alable, ou d\u00b4en suspendre temporairement ou d\u00e9finitivement la publication.<\/p>\n<h4><strong>R\u00e9f\u00e9rences et liens<\/strong><\/h4>\n<p>En cas de renvois directs ou indirects \u00e0 des sites Internet \u00e8trangers (\u201chyperliens\u201d) qui ne rel\u00e8vent pas de las responsabilit\u00e9 de l\u00b4auteur, une obligation de responsabilit\u00e9 entretait exclusivement en vigueur dans le cas o\u00f9 l\u00b4auteur aurait connaissance des contenus et qu\u00b4il lui serait techniquement possible et raisonnable d\u00b4emp\u00eacher l\u00b4utilisation en cas de contenus ill\u00e9gaux. L\u00b4auteur d\u00e9clare express\u00e9ment par la pr\u00e9sente qu\u00b4au moment de l\u00b4\u00e9tablissement des liens, aucun contenu ill\u00e9gal n\u00b4\u00e9tait identifiable sur les pages \u00e0 relier. L\u00b4auteur n\u00b4a aucune influence sur la conception actuelle et future,  les contenus ou les droits d\u00b4auteur  des pages li\u00e9es \/ associ\u00e9es. C\u00b4est pourquoi il se distancie express\u00e9ment par la pr\u00e9sente de tous les contenus de toutes les pages li\u00e9es\/associ\u00e9es qui ont \u00e9t\u00e9 modifi\u00e9es apr\u00e8s l\u00b4etablissement des liens. Cette constatation s\u00b4applique \u00e0 tous les liens et renvois plac\u00e9s dans l\u00b4offre Internet de l\u00b4auteur. Seul le fournisseur de la page \u00e0 laquelle il a \u00e9t\u00e9 renvoy\u00e9 est responsable des contenus ill\u00e9gaux, erron\u00e9s ou incomplets et en particulier des dommages r\u00e9sultant de l\u00b4utilisation ou de la non-utilisation des informations ainsi pr\u00e9sent\u00e9es, et non celui qui ne fait que renvoyer \u00e1 la pulbication concern\u00e9e par le biais de liens.<\/p>\n<h4><strong>Droit d\u00b4auteur et de marquage<\/strong><\/h4>\n<p>L\u00b4auteur s\u00b4efforce de respecter dans toutes les publications les droits d\u00b4auteur des images, graphiques, documents sonores, s\u00e9quences vid\u00e9o et textes utili\u00e9s, d\u00b4utiliser des images, graphiques, document sonores, s\u00e9quences vid\u00e9o et textes qu\u00b4il a lui-m\u00eame cr\u00e9es ou de recourir \u00e0 des graphiques, douments sonore, s\u00e9quences vid\u00e9o et textes libres de droits. Toutes les marques et marques d\u00e9pos\u00e9e mentionn\u00e9es dans l\u00b4offre Internet et \u00e9ventuellement prot\u00e9g\u00e9es par des tiers sont soumises sans restriction aux dispositions du droit des marques de farbrique en vigueur et aux droits de propri\u00e9t\u00e9 des propr\u00e9taires enregistr\u00e9s respectifs. La simple mention d\u00b4une marque ne perment pas d\u00b4en d\u00e9duire qu\u00b4elle n\u00b4est pas prot\u00e9gee par les droits d\u00b4un tiers ! Le copyright des objets publi\u00e9s et cr\u00e9es par l\u00b4auteur lui-m\u00eame reste la propri\u00e9t\u00e9 exclusive de l\u00b4auteur des pages. Toutes reproduction ou utilisation de tels graphiques, documents sonores, s\u00e9quence vid\u00e9o et textes dans d\u00b4autres publications \u00e9lectroniques ou imprim\u00e9es est interdites sans l\u00b4autorisation expresse de l\u00b4auteur.<\/p>\n<h4><strong>Validit\u00e9 juridique de la pr\u00e9sente clause de non-responsabilit\u00e9<\/strong><\/h4>\n<p>La pr\u00e9sente exclusion de responsabilit\u00e9 doit \u00eatre considir\u00e9e comme faisant partie int\u00e9grante de l\u00b4offre Internet \u00e0 partir de laquelle il a \u00e9t\u00e9 renvoy\u00e9 \u00e0 cette page. Si des parties ou certaines formulations de ce texte de devaient pas, plus ou pas enti\u00e9rement correspondre \u00e0 la situation juridique en vigueur, les autures parties du document n\u00b4en seraient pas affect\u00e9es dans leur contenu et leur validit\u00e9.<\/p>\n<h4><strong>Conception, design et d\u00e9veloppement<\/strong><\/h4>\n<p><a href=\"https:\/\/lichtblick.digital\" target=\"_blank\" rel=\"noopener nofollow\">Lichtblick Digital GmbH, agence num\u00e9rique de Hambourg<\/a><\/p>","protected":false},"excerpt":{"rendered":"<p>Br\u00fcckner-Werke KG Wendenstra\u00dfe 4 20097 Hamburg Tel.: +49-40-23 73 08 01 Fax: +49-40-23 73 08 88 Amtsgericht Hamburg, HRA 48 802 Pers\u00f6nlich haftende Gesellschafter: Thomas Br\u00fcckner, Farmgold-Vertriebs GmbH, Altendorf (Gesch\u00e4ftsf\u00fchrer: Thomas Br\u00fcckner, Dr. Karl-Ulrich Schellhaas Amtsgericht Bamberg, HRB 1385) Fotos Personenfotografien: Heike G\u00fcnther \/\/ Food-Fotos: Patrick Ladisch Haftungsausschluss Inhalt des Onlineangebots Der Autor \u00fcbernimmt keinerlei [&hellip;]<\/p>\n","protected":false},"author":1,"featured_media":0,"parent":0,"menu_order":0,"comment_status":"closed","ping_status":"closed","template":"templates\/template-privacy.php","meta":{"_acf_changed":false,"inline_featured_image":false,"wp_typography_post_enhancements_disabled":false,"footnotes":""},"class_list":["post-33","page","type-page","status-publish","hentry"],"acf":[],"_links":{"self":[{"href":"https:\/\/brueckner-werke.de\/fr\/wp-json\/wp\/v2\/pages\/33","targetHints":{"allow":["GET"]}}],"collection":[{"href":"https:\/\/brueckner-werke.de\/fr\/wp-json\/wp\/v2\/pages"}],"about":[{"href":"https:\/\/brueckner-werke.de\/fr\/wp-json\/wp\/v2\/types\/page"}],"author":[{"embeddable":true,"href":"https:\/\/brueckner-werke.de\/fr\/wp-json\/wp\/v2\/users\/1"}],"replies":[{"embeddable":true,"href":"https:\/\/brueckner-werke.de\/fr\/wp-json\/wp\/v2\/comments?post=33"}],"version-history":[{"count":10,"href":"https:\/\/brueckner-werke.de\/fr\/wp-json\/wp\/v2\/pages\/33\/revisions"}],"predecessor-version":[{"id":1801,"href":"https:\/\/brueckner-werke.de\/fr\/wp-json\/wp\/v2\/pages\/33\/revisions\/1801"}],"wp:attachment":[{"href":"https:\/\/brueckner-werke.de\/fr\/wp-json\/wp\/v2\/media?parent=33"}],"curies":[{"name":"wp","href":"https:\/\/api.w.org\/{rel}","templated":true}]}}