{"id":1434,"date":"2023-10-04T09:07:29","date_gmt":"2023-10-04T07:07:29","guid":{"rendered":"http:\/\/neu.brueckner-werke.de\/?page_id=1434"},"modified":"2024-03-27T12:41:51","modified_gmt":"2024-03-27T11:41:51","slug":"protection-des-donnees","status":"publish","type":"page","link":"https:\/\/brueckner-werke.de\/fr\/datenschutz\/","title":{"rendered":"Protection des donn\u00e9es"},"content":{"rendered":"<div class=\"heading-text\">\n<p>La protection de votre vie priv\u00e9e nous tient \u00e0 c\u0153ur. C\u2019est pourquoi nous proc\u00e9dons \u00e0 toutes les op\u00e9rations de traitement des donn\u00e9es (p. ex. collecte, traitement et transmission) conform\u00e9ment aux dispositions l\u00e9gales de la l\u00e9gislation europ\u00e9enne et allemande en mati\u00e8re de protection des donn\u00e9es.<\/p>\n<p>La d\u00e9claration suivante vous donne un aper\u00e7u des donn\u00e9es vous concernant qui sont demand\u00e9es sur nos pages web, de la mani\u00e8re dont ces donn\u00e9es sont utilis\u00e9es et transmises, de la mani\u00e8re dont vous pouvez obtenir des renseignements sur les informations qui nous sont donn\u00e9es et des mesures de s\u00e9curit\u00e9 que nous prenons pour prot\u00e9ger vos donn\u00e9es.<\/p>\n<\/div>\n<h4><strong>1. qui est votre interlocuteur (responsable) pour votre demande de protection des donn\u00e9es ?<\/strong><\/h4>\n<p>Le responsable au sens de la l\u00e9gislation sur la protection des donn\u00e9es pour l\u2019ensemble des processus de traitement des donn\u00e9es effectu\u00e9s par le biais de nos pages web est :<\/p>\n<p>Br\u00fcckner-Werke KG, Wendenstrasse 4,&nbsp; 20097 Hamburg, <a href=\"mailto:bruecknerwerke@bwhh.de\">bruecknerwerke (at) bwhh.de<\/a>, t\u00e9l\u00e9phone <a href=\"tel:494023730801\">+49\u201340-23 73 08 01<\/a>,<br>\nT\u00e9l\u00e9copie <a href=\"tel:494023730888\">+49\u201340-23 73 08 88<\/a><\/p>\n<p>Conform\u00e9ment aux dispositions l\u00e9gales, nous avons<\/p>\n<p>Mme<br>\nAvocate Ilka Barth<br>\nHolstenwall 10<br>\n20355 Hambourg<br>\n<a href=\"mailto:datenschutz@bwhh.de\">protection des donn\u00e9es (at) bwhh.de<\/a><br>\nen tant que d\u00e9l\u00e9gu\u00e9(e) \u00e0 la protection des donn\u00e9es dans notre entreprise.<\/p>\n<p>Les questions relatives \u00e0 la protection des donn\u00e9es ainsi que l\u2019exercice des droits des personnes concern\u00e9es (cf. point 6) doivent \u00eatre adress\u00e9es \u00e0 notre responsable de la protection des donn\u00e9es.<\/p>\n<h4><strong>2. de quelles donn\u00e9es avons-nous besoin de votre part pour utiliser nos pages web ? Quelles donn\u00e9es sont collect\u00e9es et enregistr\u00e9es lors de l\u2019utilisation ?<\/strong><\/h4>\n<p>Les donn\u00e9es personnelles sont toutes les informations qui se rapportent \u00e0 une personne physique identifi\u00e9e ou identifiable (\u201cpersonne concern\u00e9e\u201d), comme par exemple votre nom, votre adresse, votre num\u00e9ro de t\u00e9l\u00e9phone, votre date de naissance, vos coordonn\u00e9es bancaires ainsi que votre adresse IP.<\/p>\n<p>Nous ne collectons et n\u2019utilisons les donn\u00e9es personnelles de nos utilisateurs que dans la mesure o\u00f9 cela est n\u00e9cessaire pour mettre \u00e0 disposition un site web fonctionnel ainsi que nos contenus et prestations. La collecte et l\u2019utilisation des donn\u00e9es personnelles de nos utilisateurs ne se font r\u00e9guli\u00e8rement qu\u2019avec le consentement de l\u2019utilisateur. Une exception s\u2019applique dans les cas o\u00f9 l\u2019obtention pr\u00e9alable d\u2019un consentement n\u2019est pas possible pour des raisons r\u00e9elles et o\u00f9 le traitement des donn\u00e9es est autoris\u00e9 par des dispositions l\u00e9gales.<\/p>\n<p>Donn\u00e9es d\u2019utilisation<br>\nLors de l\u2019utilisation de nos pages web, les donn\u00e9es suivantes sont consign\u00e9es, l\u2019enregistrement servant exclusivement \u00e0 des fins internes li\u00e9es au syst\u00e8me et \u00e0 des fins statistiques, appel\u00e9es donn\u00e9es d\u2019utilisation :<\/p>\n<p>informations sur le type de navigateur et la version utilis\u00e9e<br>\nle syst\u00e8me d\u2019exploitation de l\u2019utilisateur<br>\nle fournisseur d\u2019acc\u00e8s \u00e0 Internet de l\u2019utilisateur<br>\nL\u2019adresse IP de l\u2019utilisateur<br>\ndate et heure de l\u2019acc\u00e8s<br>\nSites web \u00e0 partir desquels le syst\u00e8me de l\u2019utilisateur acc\u00e8de \u00e0 notre site web<br>\nles pages web consult\u00e9es par le syst\u00e8me de l\u2019utilisateur via notre site web<br>\nLes fichiers journaux contiennent des adresses IP ou d\u2019autres donn\u00e9es qui permettent d\u2019\u00e9tablir un lien avec un utilisateur. Cela pourrait \u00eatre le cas, par exemple, si le lien vers le site web \u00e0 partir duquel l\u2019utilisateur acc\u00e8de au site web ou le lien vers le site web vers lequel l\u2019utilisateur se dirige contient des donn\u00e9es \u00e0 caract\u00e8re personnel.<\/p>\n<p>Ces donn\u00e9es sont \u00e9galement enregistr\u00e9es dans les fichiers journaux de notre syst\u00e8me. Ces donn\u00e9es ne sont pas enregistr\u00e9es avec d\u2019autres donn\u00e9es personnelles de l\u2019utilisateur.<\/p>\n<p>L\u2019enregistrement dans des fichiers journaux a lieu afin de garantir le bon fonctionnement du site web. En outre, les donn\u00e9es nous servent \u00e0 optimiser le site web et \u00e0 assurer la s\u00e9curit\u00e9 de nos syst\u00e8mes informatiques. Une \u00e9valuation des donn\u00e9es \u00e0 des fins de marketing n\u2019a pas lieu dans ce contexte.<\/p>\n<p>Ces objectifs constituent \u00e9galement notre int\u00e9r\u00eat l\u00e9gitime pour le traitement des donn\u00e9es conform\u00e9ment \u00e0 l\u2019article 6, paragraphe 1, point f) du RGPD. En aucun cas, nous n\u2019utilisons les donn\u00e9es collect\u00e9es dans le but de tirer des conclusions sur votre personne.<\/p>\n<p>Les donn\u00e9es sont supprim\u00e9es d\u00e8s qu\u2019elles ne sont plus n\u00e9cessaires \u00e0 la r\u00e9alisation de l\u2019objectif de leur collecte. Dans le cas de la saisie des donn\u00e9es pour la mise \u00e0 disposition du site web, c\u2019est le cas lorsque la session respective est termin\u00e9e.<\/p>\n<p>En cas de stockage des donn\u00e9es dans des fichiers journaux, cela se produit au plus tard apr\u00e8s sept jours. Un stockage au-del\u00e0 de ce d\u00e9lai est possible. Dans ce cas, les adresses IP des utilisateurs sont supprim\u00e9es ou modifi\u00e9es, de sorte qu\u2019il n\u2019est plus possible d\u2019attribuer le client appelant.<\/p>\n<p>La saisie des donn\u00e9es pour la mise \u00e0 disposition du site web et l\u2019enregistrement des donn\u00e9es dans des fichiers journaux sont imp\u00e9rativement n\u00e9cessaires pour le fonctionnement du site web. L\u2019utilisateur ne peut donc pas s\u2019y opposer.<\/p>\n<p>En outre, nous utilisons des cookies et des services d\u2019analyse lorsque vous visitez notre site web. Vous trouverez de plus amples explications \u00e0 ce sujet au point 5 de la pr\u00e9sente d\u00e9claration de protection des donn\u00e9es.<\/p>\n<p>Prise de contact<br>\nVous pouvez prendre contact avec nous via l\u2019adresse e\u2011mail mise \u00e0 disposition. Dans ce cas, les donn\u00e9es personnelles de l\u2019utilisateur transmises par e\u2011mail sont enregistr\u00e9es.<\/p>\n<p>Nous utilisons vos donn\u00e9es uniquement pour traiter votre demande et pouvons vous contacter \u00e0 cet effet aux coordonn\u00e9es indiqu\u00e9es. Nous n\u2019utilisons pas ces donn\u00e9es \u00e0 des fins publicitaires et ne les transmettons pas \u00e0 des tiers.<\/p>\n<p>Le traitement des donn\u00e9es pour l\u2019enregistrement est effectu\u00e9 conform\u00e9ment \u00e0 l\u2019article 6, paragraphe 1, phrase 1, lettre a du RGPD sur la base de votre consentement volontaire.<\/p>\n<p>La base juridique du traitement des donn\u00e9es transmises dans le cadre de l\u2019envoi d\u2019un e\u2011mail est l\u2019article 6, paragraphe 1, point f), du RGPD. Si le contact par e\u2011mail vise \u00e0 la conclusion d\u2019un contrat, la base juridique suppl\u00e9mentaire pour le traitement est l\u2019art. 6, al. 1, let. b du RGPD.<\/p>\n<p>Le traitement des donn\u00e9es personnelles de l\u2019e-mail que vous nous avez adress\u00e9 nous sert uniquement \u00e0 traiter la prise de contact. Il s\u2019agit \u00e9galement de l\u2019int\u00e9r\u00eat l\u00e9gitime requis pour le traitement des donn\u00e9es.<\/p>\n<p>Les donn\u00e9es sont effac\u00e9es d\u00e8s qu\u2019elles ne sont plus n\u00e9cessaires \u00e0 la r\u00e9alisation de l\u2019objectif pour lequel elles ont \u00e9t\u00e9 collect\u00e9es. Pour les donn\u00e9es \u00e0 caract\u00e8re personnel envoy\u00e9es par e\u2011mail, c\u2019est le cas lorsque la conversation respective avec l\u2019utilisateur est termin\u00e9e. La conversation est termin\u00e9e lorsque les circonstances indiquent que les faits concern\u00e9s ont \u00e9t\u00e9 d\u00e9finitivement clarifi\u00e9s.<\/p>\n<p>L\u2019utilisateur a la possibilit\u00e9 de r\u00e9voquer \u00e0 tout moment son consentement au traitement de ses donn\u00e9es personnelles. Si l\u2019utilisateur prend contact avec nous par e\u2011mail, il peut \u00e0 tout moment s\u2019opposer \u00e0 l\u2019enregistrement de ses donn\u00e9es personnelles. Dans un tel cas, la conversation ne peut pas \u00eatre poursuivie.<\/p>\n<p>Dans ce cas, toutes les donn\u00e9es personnelles enregistr\u00e9es lors de la prise de contact seront supprim\u00e9es.<\/p>\n<h4><strong>3. comment mes donn\u00e9es sont-elles utilis\u00e9es et, le cas \u00e9ch\u00e9ant, transmises \u00e0 des tiers et dans quel but ?<\/strong><\/h4>\n<p>Nous utilisons les donn\u00e9es personnelles que vous mettez \u00e0 notre disposition pour r\u00e9pondre \u00e0 vos demandes, pour traiter votre commande dans notre boutique en ligne ainsi qu\u2019\u00e0 des fins de conseil par nos collaborateurs du service ext\u00e9rieur et de prise de contact \u00e9lectronique. Pour la v\u00e9rification de votre solvabilit\u00e9, nous n\u2019utilisons vos donn\u00e9es que si nous prenons une avance sur votre commande, par exemple en cas de commande sur facture. (Une v\u00e9rification g\u00e9n\u00e9rale de la solvabilit\u00e9 sans le consentement de la personne concern\u00e9e ne serait pas autoris\u00e9e ! Ce n\u2019est que dans la mesure o\u00f9 vous effectuez une prestation anticip\u00e9e que votre int\u00e9r\u00eat \u00e0 obtenir des informations sur la solvabilit\u00e9 d\u2019un acheteur serait prioritaire).<\/p>\n<p>Une transmission, une vente ou une autre communication de vos donn\u00e9es personnelles \u00e0 des tiers n\u2019a lieu que si la transmission est n\u00e9cessaire \u00e0 l\u2019ex\u00e9cution du contrat ou \u00e0 des fins de facturation ou d\u2019encaissement de la r\u00e9mun\u00e9ration conform\u00e9ment \u00e0 l\u2019art. 6, al. 1, phrase 1, lettre b du RGPD ou si vous avez express\u00e9ment donn\u00e9 votre accord conform\u00e9ment \u00e0 l\u2019art. 6, al. 1, phrase 1, lettre a du RGPD. En outre, conform\u00e9ment \u00e0 l\u2019article 6, paragraphe 1, phrase 1, lettre b du RGPD, nous sommes autoris\u00e9s \u00e0 transmettre des donn\u00e9es personnelles \u00e0 des fins de recouvrement et nous nous r\u00e9servons le droit d\u2019\u00e9changer des donn\u00e9es avec des organisations de protection de l\u2019\u00e9conomie (par ex. Schufa) ; ceci, bien entendu, uniquement si les conditions l\u00e9gales sont remplies.<\/p>\n<p>Transmission dans les cas pr\u00e9vus par la loi<br>\nNous attirons votre attention sur le fait que, sur ordre de l\u2019autorit\u00e9 comp\u00e9tente, nous sommes autoris\u00e9s, au cas par cas, conform\u00e9ment \u00e0 l\u2019article 6, paragraphe 1, point S., lettre c du RGPD, \u00e0 fournir des informations sur des donn\u00e9es, dans la mesure o\u00f9 cela est n\u00e9cessaire \u00e0 des fins de poursuites p\u00e9nales, de pr\u00e9vention des risques par les autorit\u00e9s polici\u00e8res des L\u00e4nder, d\u2019ex\u00e9cution des t\u00e2ches l\u00e9gales des autorit\u00e9s de protection de la Constitution de la R\u00e9publique f\u00e9d\u00e9rale d\u2019Allemagne et des L\u00e4nder, du Service f\u00e9d\u00e9ral de renseignement ou du Service de contre-espionnage militaire ou d\u2019application des droits de propri\u00e9t\u00e9 intellectuelle.<\/p>\n<h4><strong>4. quelles mesures de s\u00e9curit\u00e9 avons-nous prises pour prot\u00e9ger vos donn\u00e9es ?<\/strong><\/h4>\n<p>Nous avons mis en place un grand nombre de mesures de s\u00e9curit\u00e9 afin de prot\u00e9ger les informations personnelles de mani\u00e8re ad\u00e9quate et dans une mesure raisonnable.<\/p>\n<p>Nos bases de donn\u00e9es sont prot\u00e9g\u00e9es par des mesures physiques, techniques et proc\u00e9durales qui limitent l\u2019acc\u00e8s aux informations aux seules personnes sp\u00e9cialement autoris\u00e9es, conform\u00e9ment \u00e0 la pr\u00e9sente d\u00e9claration de confidentialit\u00e9. Notre syst\u00e8me d\u2019information est plac\u00e9 derri\u00e8re un pare-feu logiciel afin d\u2019emp\u00eacher l\u2019acc\u00e8s \u00e0 d\u2019autres r\u00e9seaux connect\u00e9s \u00e0 Internet. Seuls les employ\u00e9s qui ont besoin des informations pour accomplir une t\u00e2che sp\u00e9cifique ont acc\u00e8s aux informations personnelles. Nos employ\u00e9s sont form\u00e9s aux pratiques de s\u00e9curit\u00e9 et de protection des donn\u00e9es.<\/p>\n<p>Lors d\u2019une communication par e\u2011mail, nous ne pouvons pas garantir la s\u00e9curit\u00e9 totale des donn\u00e9es.<\/p>\n<h4><strong>5. lorsque vous utilisez nos pages web, un cookie est d\u00e9pos\u00e9 sur votre ordinateur. Qu\u2019est-ce que cela signifie ?<\/strong><\/h4>\n<p>Nous utilisons des cookies sur nos pages web. Les cookies sont de petites quantit\u00e9s de donn\u00e9es sous forme d\u2019informations textuelles que le serveur web envoie \u00e0 votre navigateur. Ils sont uniquement enregistr\u00e9s sur votre disque dur. Les cookies ne peuvent \u00eatre lus que par le serveur qui les a pr\u00e9c\u00e9demment d\u00e9pos\u00e9s et re\u00e7oivent des informations sur ce que vous avez consult\u00e9 sur un site web et \u00e0 quel moment. Les cookies eux-m\u00eames identifient uniquement l\u2019adresse IP de votre ordinateur et n\u2019enregistrent aucune information personnelle, comme votre nom par exemple. Les donn\u00e9es stock\u00e9es dans les cookies ne sont pas associ\u00e9es \u00e0 vos donn\u00e9es personnelles (nom, adresse, etc.).<\/p>\n<p>Les cookies ne causent aucun dommage \u00e0 votre terminal, car ils ne contiennent pas de virus, de chevaux de Troie ou de logiciels malveillants.<\/p>\n<p>Nous utilisons des cookies pour rendre notre site web plus convivial. Certains \u00e9l\u00e9ments de notre site web exigent que le navigateur appelant puisse \u00eatre identifi\u00e9 m\u00eame apr\u00e8s un changement de page.<\/p>\n<p>Les donn\u00e9es suivantes sont alors enregistr\u00e9es et transmises dans les cookies :<\/p>\n<p>ID de session,<br>\nLangue,<br>\nLes donn\u00e9es des utilisateurs collect\u00e9es de cette mani\u00e8re sont pseudonymis\u00e9es par des mesures techniques. Il n\u2019est donc plus possible d\u2019attribuer les donn\u00e9es \u00e0 l\u2019utilisateur qui les a consult\u00e9es. Les donn\u00e9es ne sont pas stock\u00e9es avec les autres donn\u00e9es personnelles des utilisateurs.<\/p>\n<p>Vous pouvez d\u00e9cider vous-m\u00eame d\u2019accepter ou non les cookies. En modifiant les param\u00e8tres de votre navigateur (la plupart du temps sous \u201cOption\u201d ou \u201cPr\u00e9f\u00e9rences\u201d dans les menus du navigateur), vous avez le choix d\u2019accepter tous les cookies, d\u2019\u00eatre inform\u00e9 lorsqu\u2019un cookie est plac\u00e9 ou de refuser tous les cookies.<\/p>\n<p>Cookies enregistr\u00e9s<\/p>\n<p>Site web :<br>\n\u201ea2d780e777c8e9d5c53cc3879ffc6da2\u201c est utilis\u00e9 pour identifier la session; temps de stockage; session.<br>\n\u201e743c76ffd5b24a503b4370e5c236bb36\u201c est utilis\u00e9 pour identifier la session; temps de stockage; session.<\/p>\n<h4><strong>6. droits des personnes concern\u00e9es<\/strong><\/h4>\n<p>Si des donn\u00e9es \u00e0 caract\u00e8re personnel vous concernant sont trait\u00e9es, vous \u00eates une personne concern\u00e9e au sens du RGPD et vous disposez des droits suivants vis-\u00e0-vis du responsable :<\/p>\n<p>Renseignements<br>\nConform\u00e9ment \u00e0 l\u00e1rticle 15 du RGPD, vous avez le droit de demander des informations sur les donn\u00e9es \u00e0 caract\u00e8re personnel que nous traitons. Vous pouvez notamment demander des informations sur les finalit\u00e9s du traitement, la cat\u00e9gorie de donn\u00e9ss \u00e0 caract\u00e9re personnel, la cat\u00e9gorie de destinaires auxquels vos donn\u00e9es ont \u00e9t\u00e9 ou seront divulgu\u00e9es, la dur\u00e9e de conservation pr\u00e9vu, l\u00b4existence d\u00b4un droit de rectification, d\u00b4effassemen, de limitation du traitement ou d\u00b4opposition, l\u00b4existence d\u00b4un droit de recours, l\u00b4origine de vos donn\u00e9es si elles n\u00b4ont pas \u00e9t\u00e9 collect\u00e9es chez vous, ainsi que l\u00b4existence d\u00b4une prise de d\u00e9cision automatis\u00e9es, y compris le profilage, et, le cas \u00e9ch\u00e9ant, des informations pertinentes sur les d\u00e9tails de cette prise de d\u00e9cision.<\/p>\n<p>Rectifier, compl\u00e9ter<br>\nConform\u00e9ment \u00e0 l\u00b4article 17 du RGPD, vous avez le droit de demander la supression de vos donn\u00e9es personnelles enregistr\u00e9es chez nous,  \u00e0 moins que le traitement ne soit n\u00e9cessaire \u00e0 l\u00b4exercice du droit \u00e0 la libert\u00e9 d\u00b4expression et d\u00b4information, au respect d\u00b4une obligation l\u00e9gale, pour des raisons d\u00b4inter\u00eat public our pour la constatation, l\u00b4exercice ou la d\u00e9fense de droits en justice.<\/p>\n<p>Suppression<br>\nConform\u00e9ment \u00e0 l\u2019article 17 du RGPD, vous avez le droit de demander la suppression de vos donn\u00e9es personnelles enregistr\u00e9es chez nous, \u00e0 moins que le traitement ne soit n\u00e9cessaire \u00e0 l\u2019exercice du droit \u00e0 la libert\u00e9 d\u2019expression et d\u2019information, au respect d\u2019une obligation l\u00e9gale, pour des raisons d\u2019int\u00e9r\u00eat public ou pour la constatation, l\u2019exercice ou la d\u00e9fense de droits en justice.<\/p>\n<p>Restriction<br>\nConform\u00e9ment \u00e0 l\u2019article 18 du RGPD, vous avez le droit d\u2019exiger la limitation du traitement de vos donn\u00e9es \u00e0 caract\u00e8re personnel, dans la mesure o\u00f9 vous contestez l\u2019exactitude des donn\u00e9es, o\u00f9 le traitement est ill\u00e9gal mais que vous refusez leur suppression et que nous n\u2019avons plus besoin des donn\u00e9es, mais que vous en avez besoin pour faire valoir, exercer ou d\u00e9fendre des droits juridiques ou que vous vous \u00eates oppos\u00e9 au traitement conform\u00e9ment \u00e0 l\u2019article 21 du RGPD.<\/p>\n<p>Droit \u00e0 la portabilit\u00e9 des donn\u00e9es<br>\nConform\u00e9ment \u00e0 l\u2019article 20 du RGPD, vous avez le droit de recevoir les donn\u00e9es \u00e0 caract\u00e8re personnel que vous nous avez fournies dans un format structur\u00e9, couramment utilis\u00e9 et lisible par machine, ou de demander leur transmission \u00e0 un autre responsable.<\/p>\n<p>R\u00e9vocation<br>\nConform\u00e9ment \u00e0 l\u2019article 7, paragraphe 3 du RGPD, vous avez le droit de r\u00e9voquer \u00e0 tout moment le consentement que vous nous avez donn\u00e9. Cela a pour cons\u00e9quence que nous ne pouvons plus poursuivre \u00e0 l\u2019avenir le traitement des donn\u00e9es qui \u00e9tait bas\u00e9 sur ce consentement.<\/p>\n<p>Plainte<br>\nConform\u00e9ment \u00e0 l\u2019article 77 du RGPD, vous avez le droit d\u2019introduire une r\u00e9clamation aupr\u00e8s d\u2019une autorit\u00e9 de surveillance. En r\u00e8gle g\u00e9n\u00e9rale, vous pouvez vous adresser \u00e0 l\u2019autorit\u00e9 de surveillance de votre lieu de r\u00e9sidence habituel, de votre lieu de travail ou de notre si\u00e8ge social.<\/p>\n<p>D\u00e9cision automatis\u00e9e au cas par cas, y compris le profilage<br>\nVous avez le droit de ne pas \u00eatre soumis \u00e0 une d\u00e9cision fond\u00e9e exclusivement sur un traitement automatis\u00e9 \u2014 y compris le profilage \u2014 produisant des effets juridiques \u00e0 votre \u00e9gard ou vous affectant de mani\u00e8re significative de fa\u00e7on similaire. Cela ne s\u2019applique pas si la d\u00e9cision<\/p>\n<p>est n\u00e9cessaire \u00e0 la conclusion ou \u00e0 l\u2019ex\u00e9cution d\u2019un contrat entre vous et le responsable du traitement,<br>\nest autoris\u00e9e en vertu de la l\u00e9gislation de l\u2019Union ou des \u00c9tats membres \u00e0 laquelle le responsable est soumis et que cette l\u00e9gislation contient des mesures appropri\u00e9es pour la sauvegarde de vos droits et libert\u00e9s ainsi que de vos int\u00e9r\u00eats l\u00e9gitimes ; ou<br>\nse fait avec votre consentement explicite<br>\nToutefois, ces d\u00e9cisions ne peuvent pas \u00eatre fond\u00e9es sur des cat\u00e9gories particuli\u00e8res de donn\u00e9es \u00e0 caract\u00e8re personnel au sens de l\u2019article 9, paragraphe 1, du RGPD, sauf si l\u2019article 9, paragraphe 2, point a) ou g), s\u2019applique et si des mesures appropri\u00e9es ont \u00e9t\u00e9 prises pour prot\u00e9ger les droits et libert\u00e9s ainsi que vos int\u00e9r\u00eats l\u00e9gitimes.<\/p>\n<p>En ce qui concerne les cas vis\u00e9s aux points (1) et (3), le responsable prend des mesures appropri\u00e9es pour sauvegarder les droits et libert\u00e9s ainsi que vos int\u00e9r\u00eats l\u00e9gitimes, ce qui inclut au moins le droit d\u2019obtenir l\u2019intervention d\u2019une personne de la part du responsable, d\u2019exprimer son propre point de vue et de contester la d\u00e9cision.<\/p>\n<h4><strong>7. droit d\u2019opposition<\/strong><\/h4>\n<p>Si vos donn\u00e9es personnelles sont trait\u00e9es sur la base d\u2019int\u00e9r\u00eats l\u00e9gitimes conform\u00e9ment \u00e0 l\u2019article 6, paragraphe 1, point f), du RGPD, vous avez le droit de vous opposer au traitement de vos donn\u00e9es personnelles conform\u00e9ment \u00e0 l\u2019article 21 du RGPD, dans la mesure o\u00f9 il existe des raisons li\u00e9es \u00e0 votre situation particuli\u00e8re ou si l\u2019opposition est dirig\u00e9e contre la publicit\u00e9 directe. Dans ce dernier cas, vous disposez d\u2019un droit d\u2019opposition g\u00e9n\u00e9ral qui sera mis en \u0153uvre par nos soins sans indication d\u2019une situation particuli\u00e8re.<\/p>\n<p>Si vous souhaitez faire usage de votre droit de r\u00e9tractation ou d\u2019opposition, il suffit d\u2019envoyer un e\u2011mail \u00e0 <a href=\"mailto:bruecknerwerke@bwhh.de\">bruecknerwerke (at) bwhh.de<\/a>.<\/p>\n<h4><strong>8. s\u00e9curit\u00e9 des donn\u00e9es<\/strong><\/h4>\n<p>Nous utilisons par ailleurs des mesures de s\u00e9curit\u00e9 techniques et organisationnelles appropri\u00e9es pour prot\u00e9ger vos donn\u00e9es contre les manipulations accidentelles ou intentionnelles, la perte partielle ou totale, la destruction ou l\u2019acc\u00e8s non autoris\u00e9 par des tiers. Nos mesures de s\u00e9curit\u00e9 sont am\u00e9lior\u00e9es en permanence en fonction de l\u2019\u00e9volution technologique.<\/p>\n<h4><strong>9. modifications de la pr\u00e9sente d\u00e9claration de confidentialit\u00e9<\/strong><\/h4>\n<p>La pr\u00e9sente d\u00e9claration de protection des donn\u00e9es est actuellement en vigueur et date de mai 2018.<\/p>\n<p>Nous nous r\u00e9servons le droit de modifier la pr\u00e9sente d\u00e9claration de confidentialit\u00e9 \u00e0 tout moment et sans pr\u00e9avis. Nous vous invitons donc \u00e0 consulter r\u00e9guli\u00e8rement cette page pour prendre connaissance des \u00e9ventuelles modifications apport\u00e9es \u00e0 cette d\u00e9claration de confidentialit\u00e9.<\/p>\n<a href=\"#\" class=\"_brlbs-btn-cookie-preference borlabs-cookie-preference\">Modifier les param\u00e8tres des cookies<\/a>","protected":false},"excerpt":{"rendered":"<p>Die Wahrung Ihrer Privatsph\u00e4re ist uns ein gro\u00dfes Anliegen. Wir verfahren daher bei allen Vorg\u00e4ngen der Datenverarbeitung (z.B. Erhebung, Verarbeitung und \u00dcbermittlung) nach den gesetzlichen Regelungen des europ\u00e4ischen und deutschen Datenschutzrechts. Die nachfolgende Erkl\u00e4rung gibt Ihnen einen \u00dcberblick dar\u00fcber, welche Ihrer Daten auf unseren Webseiten erfragt werden, in welcher Weise diese Daten genutzt und weitergegeben [&hellip;]<\/p>\n","protected":false},"author":1,"featured_media":0,"parent":0,"menu_order":0,"comment_status":"closed","ping_status":"closed","template":"templates\/template-privacy.php","meta":{"_acf_changed":false,"inline_featured_image":false,"wp_typography_post_enhancements_disabled":false,"footnotes":""},"class_list":["post-1434","page","type-page","status-publish","hentry"],"acf":[],"_links":{"self":[{"href":"https:\/\/brueckner-werke.de\/fr\/wp-json\/wp\/v2\/pages\/1434","targetHints":{"allow":["GET"]}}],"collection":[{"href":"https:\/\/brueckner-werke.de\/fr\/wp-json\/wp\/v2\/pages"}],"about":[{"href":"https:\/\/brueckner-werke.de\/fr\/wp-json\/wp\/v2\/types\/page"}],"author":[{"embeddable":true,"href":"https:\/\/brueckner-werke.de\/fr\/wp-json\/wp\/v2\/users\/1"}],"replies":[{"embeddable":true,"href":"https:\/\/brueckner-werke.de\/fr\/wp-json\/wp\/v2\/comments?post=1434"}],"version-history":[{"count":10,"href":"https:\/\/brueckner-werke.de\/fr\/wp-json\/wp\/v2\/pages\/1434\/revisions"}],"predecessor-version":[{"id":1847,"href":"https:\/\/brueckner-werke.de\/fr\/wp-json\/wp\/v2\/pages\/1434\/revisions\/1847"}],"wp:attachment":[{"href":"https:\/\/brueckner-werke.de\/fr\/wp-json\/wp\/v2\/media?parent=1434"}],"curies":[{"name":"wp","href":"https:\/\/api.w.org\/{rel}","templated":true}]}}