{"id":33,"date":"2023-05-19T17:03:51","date_gmt":"2023-05-19T15:03:51","guid":{"rendered":"http:\/\/neu.brueckner-werke.de\/?page_id=33"},"modified":"2024-01-25T09:56:11","modified_gmt":"2024-01-25T08:56:11","slug":"imprimir","status":"publish","type":"page","link":"https:\/\/brueckner-werke.de\/es\/impressum\/","title":{"rendered":"Pie de imprenta"},"content":{"rendered":"<p class=\"heading-text\">Br\u00fcckner-Werke KG<br>\nWendenstrasse 4<br>\n20097 Hamburgo<\/p>\n<p><a href=\"tel:494023730801\">Tel\u00e9fono: +49\u201340-23 73 08 01<\/a><br>\n<a href=\"tel:494023730888\">Fax: +49\u201340-23 73 08 88<\/a><\/p>\n<p><strong>Tribunal de Primera Instancia de Hamburgo, HRA 48 802<br>\nSocios personalmente responsables:<\/strong><\/p>\n<p>Thomas Br\u00fcckner, Farmgold-Vertriebs GmbH, Altendorf<br>\n(Directores Generales: Thomas Br\u00fcckner, Dr Karl-Ulrich Schellhaas<br>\nTribunal de Primera Instancia de Bamberg, HRB 1385)<\/p>\n<h4><strong>Fotos<\/strong><\/h4>\n<p>Fotos de la gente: Heike G\u00fcnther \/\/ Fotos de la comida: Patrick Ladisch<\/p>\n<h4><strong>Descargo de responsabilidad<\/strong><\/h4>\n<p><strong><em>Contenido de la oferta en l\u00ednea<\/em><\/strong><\/p>\n<p>El autor no asume ninguna responsabilidad por la actualidad, exactitud, integridad o calidad de la informaci\u00f3n facilitada. Quedan fundamentalmente excluidas las reclamaciones de responsabilidad contra el autor relativas a da\u00f1os materiales o inmateriales causados por el uso o no uso de la informaci\u00f3n facilitada o por el uso de informaci\u00f3n incorrecta o incompleta, a menos que existan pruebas de dolo o negligencia grave por parte del autor. Todas las ofertas son sin compromiso y no vinculantes. El autor se reserva expresamente el derecho a modificar, completar o eliminar partes de las p\u00e1ginas o la oferta completa sin previo aviso o a suspender la publicaci\u00f3n temporal o definitivamente.<\/p>\n<h4><strong>Referencias y enlaces<\/strong><\/h4>\n<p>En el caso de referencias directas o indirectas a p\u00e1ginas web externas (\u201chiperv\u00ednculos\u201d) que se encuentren fuera del \u00e1mbito de responsabilidad del autor, s\u00f3lo entrar\u00eda en vigor una obligaci\u00f3n de responsabilidad en el caso de que el autor tuviera conocimiento de los contenidos y le fuera t\u00e9cnicamente posible y razonable impedir el uso en caso de contenidos ilegales. Por la presente, el autor declara expresamente que en el momento de crear los enlaces no era reconocible ning\u00fan contenido ilegal en las p\u00e1ginas enlazadas. El autor no tiene influencia alguna sobre el dise\u00f1o actual y futuro, los contenidos o la autor\u00eda de las p\u00e1ginas enlazadas. Por ello, el autor se distancia expresamente de todos los contenidos de todas las p\u00e1ginas enlazadas que hayan sido modificados despu\u00e9s de la creaci\u00f3n del enlace. Esta declaraci\u00f3n es v\u00e1lida para todos los enlaces y referencias establecidos dentro de la propia p\u00e1gina web del autor. La responsabilidad por contenidos ilegales, incorrectos o incompletos y, en particular, por los da\u00f1os derivados de la utilizaci\u00f3n o no utilizaci\u00f3n de dicha informaci\u00f3n recae exclusivamente en el proveedor de la p\u00e1gina a la que se hace referencia, y no en la persona que se limita a remitir a la publicaci\u00f3n correspondiente a trav\u00e9s de enlaces.<\/p>\n<h4><strong>Derechos de autor y etiquetado<\/strong><\/h4>\n<p>El autor se esfuerza por respetar los derechos de autor de las im\u00e1genes, gr\u00e1ficos, documentos sonoros, secuencias de v\u00eddeo y textos utilizados en todas las publicaciones, por utilizar im\u00e1genes, gr\u00e1ficos, documentos sonoros, secuencias de v\u00eddeo y textos creados por \u00e9l mismo o por hacer uso de gr\u00e1ficos, documentos sonoros, secuencias de v\u00eddeo y textos libres de licencia. Todas las marcas y marcas comerciales mencionadas en el sitio web y eventualmente protegidas por terceros est\u00e1n sujetas sin restricciones a las disposiciones del derecho de marcas aplicable y a los derechos de propiedad de los respectivos propietarios registrados. La mera menci\u00f3n de una marca no implica que no est\u00e9 protegida por derechos de terceros. Los derechos de autor de los objetos publicados creados por el propio autor pertenecen exclusivamente al autor de las p\u00e1ginas. Queda prohibida la reproducci\u00f3n o utilizaci\u00f3n de objetos como diagramas, sonidos o textos en otras publicaciones electr\u00f3nicas o impresas sin el consentimiento del autor.<\/p>\n<h4><strong>Validez jur\u00eddica de esta cl\u00e1usula de exenci\u00f3n de responsabilidad<\/strong><\/h4>\n<p>Esta exenci\u00f3n de responsabilidad debe considerarse parte de la publicaci\u00f3n en Internet desde la que se le ha remitido. Si algunas secciones o t\u00e9rminos individuales de esta declaraci\u00f3n no son legales o correctos, el contenido o la validez de las otras partes no se ver\u00e1n afectados por este hecho.<\/p>\n<h4><strong>Concepci\u00f3n, dise\u00f1o y desarrollo<\/strong><\/h4>\n<p><a href=\"https:\/\/lichtblick.digital\" target=\"_blank\" rel=\"noopener nofollow\">Lichtblick Digital GmbH, Agencia digital de Hamburgo<\/a><\/p>","protected":false},"excerpt":{"rendered":"<p>Br\u00fcckner-Werke KG Wendenstra\u00dfe 4 20097 Hamburg Tel.: +49-40-23 73 08 01 Fax: +49-40-23 73 08 88 Amtsgericht Hamburg, HRA 48 802 Pers\u00f6nlich haftende Gesellschafter: Thomas Br\u00fcckner, Farmgold-Vertriebs GmbH, Altendorf (Gesch\u00e4ftsf\u00fchrer: Thomas Br\u00fcckner, Dr. Karl-Ulrich Schellhaas Amtsgericht Bamberg, HRB 1385) Fotos Personenfotografien: Heike G\u00fcnther \/\/ Food-Fotos: Patrick Ladisch Haftungsausschluss Inhalt des Onlineangebots Der Autor \u00fcbernimmt keinerlei [&hellip;]<\/p>\n","protected":false},"author":1,"featured_media":0,"parent":0,"menu_order":0,"comment_status":"closed","ping_status":"closed","template":"templates\/template-privacy.php","meta":{"_acf_changed":false,"inline_featured_image":false,"wp_typography_post_enhancements_disabled":false,"footnotes":""},"class_list":["post-33","page","type-page","status-publish","hentry"],"acf":[],"_links":{"self":[{"href":"https:\/\/brueckner-werke.de\/es\/wp-json\/wp\/v2\/pages\/33","targetHints":{"allow":["GET"]}}],"collection":[{"href":"https:\/\/brueckner-werke.de\/es\/wp-json\/wp\/v2\/pages"}],"about":[{"href":"https:\/\/brueckner-werke.de\/es\/wp-json\/wp\/v2\/types\/page"}],"author":[{"embeddable":true,"href":"https:\/\/brueckner-werke.de\/es\/wp-json\/wp\/v2\/users\/1"}],"replies":[{"embeddable":true,"href":"https:\/\/brueckner-werke.de\/es\/wp-json\/wp\/v2\/comments?post=33"}],"version-history":[{"count":10,"href":"https:\/\/brueckner-werke.de\/es\/wp-json\/wp\/v2\/pages\/33\/revisions"}],"predecessor-version":[{"id":1801,"href":"https:\/\/brueckner-werke.de\/es\/wp-json\/wp\/v2\/pages\/33\/revisions\/1801"}],"wp:attachment":[{"href":"https:\/\/brueckner-werke.de\/es\/wp-json\/wp\/v2\/media?parent=33"}],"curies":[{"name":"wp","href":"https:\/\/api.w.org\/{rel}","templated":true}]}}