{"id":1434,"date":"2023-10-04T09:07:29","date_gmt":"2023-10-04T07:07:29","guid":{"rendered":"http:\/\/neu.brueckner-werke.de\/?page_id=1434"},"modified":"2024-03-27T12:41:51","modified_gmt":"2024-03-27T11:41:51","slug":"proteccion-de-datos","status":"publish","type":"page","link":"https:\/\/brueckner-werke.de\/es\/datenschutz\/","title":{"rendered":"Protecci\u00f3n de datos"},"content":{"rendered":"<div class=\"heading-text\">\n<p>La protecci\u00f3n de su privacidad es muy importante para nosotros. Por ello, en todas las operaciones de tratamiento de datos (por ejemplo, recogida, tratamiento y transmisi\u00f3n) procedemos de conformidad con las disposiciones legales de la legislaci\u00f3n europea y alemana en materia de protecci\u00f3n de datos.<\/p>\n<p>La siguiente declaraci\u00f3n le ofrece una visi\u00f3n general de qu\u00e9 datos suyos se recogen en nuestros sitios web, c\u00f3mo se utilizan y transmiten estos datos, c\u00f3mo puede obtener informaci\u00f3n sobre la informaci\u00f3n que nos facilita y qu\u00e9 medidas de seguridad tomamos para proteger sus datos.<\/p>\n<\/div>\n<h4><strong>1. \u00bfqui\u00e9n es la persona de contacto (responsable del tratamiento) para sus asuntos relacionados con la protecci\u00f3n de datos?<\/strong><\/h4>\n<p>El responsable del tratamiento en el sentido de la normativa sobre protecci\u00f3n de datos para todo el tratamiento de datos realizado a trav\u00e9s de nuestros sitios web es<\/p>\n<p>Br\u00fcckner-Werke KG, Wendenstrasse 4,&nbsp; 20097 Hamburg, <a href=\"mailto:bruecknerwerke@bwhh.de\">bruecknerwerke (at) bwhh.de<\/a>tel\u00e9fono <a href=\"tel:494023730801\">+49\u201340-23 73 08 01<\/a>,<br>\nFax <a href=\"tel:494023730888\">+49\u201340-23 73 08 88<\/a><\/p>\n<p>De acuerdo con los requisitos legales, hemos<\/p>\n<p>Sra.<br>\nAbogada Ilka Barth<br>\nHolstenwall 10<br>\n20355 Hamburgo<br>\n<a href=\"mailto:datenschutz@bwhh.de\">protecci\u00f3n de datos (at) bwhh.de<\/a><br>\ncomo responsable(s) de la protecci\u00f3n de datos en nuestra empresa.<\/p>\n<p>Le rogamos que dirija cualquier consulta relacionada con la protecci\u00f3n de datos y el ejercicio de los derechos de los interesados (v\u00e9ase la secci\u00f3n 6) a nuestro responsable de protecci\u00f3n de datos.<\/p>\n<h4><strong>2. \u00bfqu\u00e9 datos necesitamos de usted para utilizar nuestros sitios web? 3. \u00bfQu\u00e9 datos se recogen y almacenan durante el uso?<\/strong><\/h4>\n<p>Los datos personales son cualquier informaci\u00f3n relativa a una persona f\u00edsica identificada o identificable (\u201cinteresado\u201d), como su nombre, direcci\u00f3n, n\u00famero de tel\u00e9fono, fecha de nacimiento, datos bancarios y direcci\u00f3n IP.<\/p>\n<p>Recogemos y utilizamos los datos personales de nuestros usuarios s\u00f3lo en la medida necesaria para proporcionar un sitio web funcional y nuestros contenidos y servicios. La recogida y el uso de los datos personales de nuestros usuarios s\u00f3lo tiene lugar regularmente con el consentimiento del usuario. Se aplica una excepci\u00f3n en los casos en que no es posible obtener el consentimiento previo por razones de hecho y el tratamiento de los datos est\u00e1 permitido por la ley.<\/p>\n<p>Datos de uso<br>\nCuando utiliza nuestro sitio web, se registran los siguientes datos, cuyo almacenamiento sirve exclusivamente para fines internos relacionados con el sistema y estad\u00edsticos, los denominados datos de uso:<\/p>\n<p>Informaci\u00f3n sobre el tipo y la versi\u00f3n del navegador utilizado<br>\nEl sistema operativo del usuario<br>\nEl proveedor de servicios de Internet del usuario<br>\nLa direcci\u00f3n IP del usuario<br>\nFecha y hora de acceso<br>\nSitios web desde los que el sistema del usuario accede a nuestro sitio web<br>\nSitios web a los que accede el sistema del usuario a trav\u00e9s de nuestro sitio web<br>\nLos archivos de registro contienen direcciones IP u otros datos que permiten la asignaci\u00f3n a un usuario. Este podr\u00eda ser el caso, por ejemplo, si el enlace al sitio web desde el que el usuario accede al sitio web o el enlace al sitio web al que cambia el usuario contiene datos personales.<\/p>\n<p>Los datos tambi\u00e9n se almacenan en los archivos de registro de nuestro sistema. Estos datos no se almacenan junto con otros datos personales del usuario.<\/p>\n<p>Los datos se almacenan en archivos de registro para garantizar la funcionalidad del sitio web. Tambi\u00e9n utilizamos los datos para optimizar el sitio web y garantizar la seguridad de nuestros sistemas inform\u00e1ticos. En este contexto, los datos no se analizan con fines comerciales.<\/p>\n<p>Estos fines tambi\u00e9n constituyen nuestro inter\u00e9s leg\u00edtimo en el tratamiento de datos de conformidad con el art\u00edculo 6, apartado 1, letra f) del GDPR. En ning\u00fan caso utilizamos los datos recopilados para extraer conclusiones sobre su persona.<\/p>\n<p>Los datos se suprimen en cuanto dejan de ser necesarios para cumplir la finalidad para la que se recogieron. En el caso de la recogida de datos para la puesta a disposici\u00f3n del sitio web, esto ocurre cuando ha finalizado la sesi\u00f3n correspondiente.<\/p>\n<p>Si los datos se almacenan en archivos de registro, esto ocurre como m\u00e1ximo siete d\u00edas despu\u00e9s. El almacenamiento m\u00e1s all\u00e1 de este per\u00edodo es posible. En este caso, las direcciones IP de los usuarios se eliminan o se anonimizan para que ya no sea posible identificar al cliente que llama.<\/p>\n<p>La recogida de datos para la puesta a disposici\u00f3n del sitio web y el almacenamiento de datos en archivos de registro son absolutamente necesarios para el funcionamiento del sitio web. Por consiguiente, el usuario no tiene posibilidad de oponerse.<\/p>\n<p>Tambi\u00e9n utilizamos cookies y servicios de an\u00e1lisis cuando visita nuestro sitio web. Encontrar\u00e1 informaci\u00f3n m\u00e1s detallada al respecto en el punto 5 de esta pol\u00edtica de privacidad.<\/p>\n<p>P\u00f3ngase en contacto con nosotros<br>\nPuede ponerse en contacto con nosotros a trav\u00e9s de la direcci\u00f3n de correo electr\u00f3nico facilitada. En este caso, se almacenar\u00e1n los datos personales del usuario transmitidos con el correo electr\u00f3nico.<\/p>\n<p>S\u00f3lo utilizaremos sus datos para tramitar su solicitud y podremos ponernos en contacto con usted a tal efecto utilizando los datos de contacto facilitados. Estos datos no se utilizar\u00e1n con fines publicitarios ni se transmitir\u00e1n a terceros.<\/p>\n<p>El tratamiento de datos para el registro se lleva a cabo de conformidad con el Art. 6 p\u00e1rrafo 1 frase 1 lit. a GDPR sobre la base de su consentimiento voluntario.<\/p>\n<p>La base jur\u00eddica para el tratamiento de los datos transmitidos durante el env\u00edo de un correo electr\u00f3nico es el art\u00edculo 6, apartado 1, letra f) del RGPD. Si el contacto por correo electr\u00f3nico tiene por objeto la celebraci\u00f3n de un contrato, la base jur\u00eddica adicional para el tratamiento es el art\u00edculo 6, apartado 1, letra b) del RGPD.<\/p>\n<p>El tratamiento de los datos personales de su correo electr\u00f3nico enviado a nosotros nos sirve \u00fanicamente para procesar el contacto. Esto tambi\u00e9n constituye el inter\u00e9s leg\u00edtimo necesario para el tratamiento de los datos.<\/p>\n<p>Los datos se suprimen en cuanto dejan de ser necesarios para cumplir la finalidad para la que se recogieron. En el caso de los datos personales enviados por correo electr\u00f3nico, este es el caso cuando ha finalizado la conversaci\u00f3n respectiva con el usuario. La conversaci\u00f3n finaliza cuando de las circunstancias se deduce que el asunto en cuesti\u00f3n se ha aclarado de forma concluyente.<\/p>\n<p>El usuario tiene la opci\u00f3n de retirar su consentimiento al tratamiento de sus datos personales en cualquier momento. Si el usuario se pone en contacto con nosotros por correo electr\u00f3nico, puede oponerse al almacenamiento de sus datos personales en cualquier momento. En tal caso, la conversaci\u00f3n no podr\u00e1 continuar.<\/p>\n<p>En este caso, se eliminar\u00e1n todos los datos personales almacenados al ponerse en contacto con nosotros.<\/p>\n<h4><strong>3. \u00bfC\u00f3mo se utilizar\u00e1n mis datos, y posiblemente se transmitir\u00e1n a terceros, y con qu\u00e9 fin?<\/strong><\/h4>\n<p>Utilizamos los datos personales facilitados por usted para responder a sus consultas, tramitar su pedido en nuestra tienda en l\u00ednea y con fines de asesoramiento por parte de nuestros representantes comerciales y para ponernos en contacto con usted por v\u00eda electr\u00f3nica. S\u00f3lo utilizamos sus datos para comprobar su solvencia si realizamos el pago anticipado de su pedido, por ejemplo, si realiza un pedido a cuenta. (\u00a1Una comprobaci\u00f3n general de la solvencia sin el consentimiento del interesado no estar\u00eda permitida! S\u00f3lo en caso de pago por adelantado prevalecer\u00eda su inter\u00e9s por la informaci\u00f3n sobre la solvencia de un comprador).<\/p>\n<p>Sus datos personales solo se transmitir\u00e1n, vender\u00e1n o transferir\u00e1n de otro modo a terceros si la transferencia es necesaria para la tramitaci\u00f3n del contrato o para fines de facturaci\u00f3n o para el cobro de pagos de conformidad con el art\u00edculo 6, apartado 1, frase 1, letra b del GDPR o si usted ha dado su consentimiento expreso de conformidad con el art\u00edculo 6, apartado 1, frase 1, letra a del GDPR. Adem\u00e1s, tenemos derecho a transmitir datos personales con fines de cobro de deudas de conformidad con el art\u00edculo 6, apartado 1, frase 1, letra b) del GDPR y nos reservamos el derecho a intercambiar datos con organizaciones de protecci\u00f3n de la econom\u00eda (por ejemplo, Schufa); por supuesto, s\u00f3lo si se cumplen los requisitos legales para ello.<\/p>\n<p>Divulgaci\u00f3n en los casos ordenados por la ley<br>\nNos gustar\u00eda se\u00f1alar que tenemos derecho a proporcionar informaci\u00f3n sobre los datos en casos individuales de conformidad con el Art. 6 P\u00e1rr. 1 S. lit.c GDPR por orden de la autoridad competente, siempre que sea necesario para fines de enjuiciamiento penal, para evitar el peligro por las autoridades policiales de los estados federales, para cumplir con las tareas legales de las autoridades federales y estatales de protecci\u00f3n de la constituci\u00f3n, el Servicio Federal de Inteligencia o el Servicio de Contrainteligencia Militar o para hacer cumplir los derechos de propiedad intelectual.<\/p>\n<h4><strong>4. \u00bfqu\u00e9 medidas de seguridad hemos adoptado para proteger sus datos?<\/strong><\/h4>\n<p>Hemos adoptado una serie de medidas de seguridad para proteger la informaci\u00f3n personal en la medida adecuada y apropiada.<\/p>\n<p>Nuestras bases de datos est\u00e1n protegidas por medidas f\u00edsicas, t\u00e9cnicas y de procedimiento que restringen el acceso a la informaci\u00f3n a personas espec\u00edficamente autorizadas de conformidad con la presente Pol\u00edtica de Privacidad. Nuestro sistema de informaci\u00f3n se encuentra detr\u00e1s de un cortafuegos inform\u00e1tico para impedir el acceso desde otras redes conectadas a Internet. S\u00f3lo los empleados que necesitan la informaci\u00f3n para realizar una tarea espec\u00edfica tienen acceso a la informaci\u00f3n personal. Nuestros empleados reciben formaci\u00f3n sobre pr\u00e1cticas de seguridad y privacidad.<\/p>\n<p>No podemos garantizar la total seguridad de los datos en las comunicaciones por correo electr\u00f3nico.<\/p>\n<h4><strong>5. se almacena una cookie en su ordenador cuando utiliza nuestro sitio web. \u00bfQu\u00e9 significa esto?<\/strong><\/h4>\n<p>En nuestros sitios web utilizamos las denominadas cookies. Las cookies son peque\u00f1as cantidades de datos en forma de informaci\u00f3n de texto que el servidor web env\u00eda a su navegador. S\u00f3lo se almacenan en su disco duro. Las cookies s\u00f3lo pueden ser le\u00eddas por el servidor que las almacen\u00f3 previamente y reciben informaci\u00f3n sobre lo que usted ha visto en un sitio web y cu\u00e1ndo. Las cookies en s\u00ed s\u00f3lo identifican la direcci\u00f3n IP de su ordenador y no almacenan ninguna informaci\u00f3n personal, como su nombre. Los datos almacenados en las cookies no est\u00e1n vinculados a sus datos personales (nombre, direcci\u00f3n, etc.).<\/p>\n<p>Las cookies no causan ning\u00fan da\u00f1o a su dispositivo final porque no contienen virus, troyanos ni programas maliciosos.<\/p>\n<p>Utilizamos cookies para facilitar el uso de nuestro sitio web. Algunos elementos de nuestro sitio web requieren que el navegador de acceso pueda ser identificado incluso despu\u00e9s de un cambio de p\u00e1gina.<\/p>\n<p>Los siguientes datos se almacenan y transmiten en las cookies:<\/p>\n<p>Identificador de sesi\u00f3n,<br>\nIdioma,<br>\nLos datos de usuario recogidos de este modo se seudonimizan mediante precauciones t\u00e9cnicas. Por lo tanto, ya no es posible asignar los datos al usuario que accede a ellos. Los datos no se almacenan junto con otros datos personales del usuario.<\/p>\n<p>Usted mismo puede decidir si acepta las cookies. Al cambiar la configuraci\u00f3n de su navegador (normalmente se encuentra en \u201cOpciones\u201d o \u201cConfiguraci\u00f3n\u201d en los men\u00fas del navegador), tiene la opci\u00f3n de aceptar todas las cookies, ser informado cuando se instala una cookie o rechazar todas las cookies.<\/p>\n<p>Cookies guardadas<\/p>\n<p>P\u00e1gina web:<br>\n\u201ca2d780e777c8e9d5c53cc3879ffc6da2\u201d se utiliza para identificar la sesi\u00f3n; Tiempo de almacenamiento: Sesi\u00f3n<br>\n\u201c743c76ffd5b24a503b4370e5c236bb36\u201d se utiliza para identificar la sesi\u00f3n; Tiempo de almacenamiento: Sesi\u00f3n<\/p>\n<h4><strong>6. derechos de los interesados<\/strong><\/h4>\n<p>Si se tratan sus datos personales, usted es un interesado en el sentido del RGPD y tiene los siguientes derechos frente al responsable del tratamiento:<\/p>\n<p>Informaci\u00f3n<br>\nDe conformidad con el art\u00edculo 15 del RGPD, tiene derecho a solicitar informaci\u00f3n sobre sus datos personales tratados por nosotros. En particular, puede solicitar informaci\u00f3n sobre los fines del tratamiento, la categor\u00eda de los datos personales, la categor\u00eda de los destinatarios a los que se han comunicado o se comunicar\u00e1n sus datos, el per\u00edodo de conservaci\u00f3n previsto, la existencia de un derecho de rectificaci\u00f3n, supresi\u00f3n, limitaci\u00f3n del tratamiento u oposici\u00f3n, la existencia de un derecho a presentar una reclamaci\u00f3n, el origen de sus datos si no los hemos recogido nosotros, y la existencia de una toma de decisiones automatizada, incluida la elaboraci\u00f3n de perfiles y, si procede, informaci\u00f3n significativa sobre sus detalles.<\/p>\n<p>Correcci\u00f3n, finalizaci\u00f3n<br>\nDe confirmidad con el art\u00edculo 16 del GDPR, usted tiene derecho a exigir la correcci\u00f3n immediata de los datos personales incorrectos o incompletos almacenados por nosotros.<\/p>\n<p>Anulaci\u00f3n<br>\nDe conformidad con el art\u00edculo 17 del RGPD, usted tiene derecho a solicitar la supresi\u00f3n de sus datos personales almacenados por nosotros, a menos que el tratamiento sea necesario para el ejercicio del derecho a la libertad de expresi\u00f3n e informaci\u00f3n, para el cumplimiento de una obligaci\u00f3n legal, por razones de inter\u00e9s p\u00fablico o para el establecimiento, ejercicio o defensa de reclamaciones legales.<\/p>\n<p>Restricci\u00f3n<br>\nDe conformidad con el art\u00edculo 18 del RGPD, usted tiene derecho a solicitar la limitaci\u00f3n del tratamiento de sus datos personales si impugna la exactitud de los mismos, el tratamiento es il\u00edcito, pero se niega a suprimirlos y ya no necesitamos los datos, pero usted los necesita para la formulaci\u00f3n, el ejercicio o la defensa de reclamaciones legales o ha presentado una objeci\u00f3n al tratamiento de conformidad con el art\u00edculo 21 del RGPD.<\/p>\n<p>Derecho a la portabilidad de los datos<br>\nDe conformidad con el art\u00edculo 20 del RGPD, tiene derecho a recibir los datos personales que nos haya facilitado en un formato estructurado, de uso com\u00fan y lectura mec\u00e1nica, o a solicitar que se transfieran a otro responsable del tratamiento.<\/p>\n<p>Revocaci\u00f3n<br>\nTiene derecho a revocarnos su consentimiento en cualquier momento, de conformidad con el art\u00edculo 7, apartado 3, del RGPD. La consecuencia de ello es que ya no podremos continuar en el futuro con el tratamiento de datos que se bas\u00f3 en dicho consentimiento.<\/p>\n<p>Denuncia<br>\nTiene derecho a presentar una reclamaci\u00f3n ante una autoridad de control de conformidad con el art\u00edculo 77 del RGPD. Por regla general, puede dirigirse a la autoridad de control de su lugar de residencia o de trabajo habitual o de la sede de nuestra empresa.<\/p>\n<p>Toma de decisiones automatizada en casos individuales, incluida la elaboraci\u00f3n de perfiles<br>\nTiene derecho a no ser objeto de una decisi\u00f3n basada \u00fanicamente en el tratamiento automatizado, incluida la elaboraci\u00f3n de perfiles, que produzca efectos jur\u00eddicos en usted o le afecte de forma similar. Esto no se aplica si la decisi\u00f3n<\/p>\n<p>sea necesaria para la celebraci\u00f3n o el cumplimiento de un contrato entre usted y el responsable del tratamiento,<br>\nest\u00e9 autorizada por el Derecho de la Uni\u00f3n o de los Estados miembros al que est\u00e9 sujeto el responsable del tratamiento y que establezca asimismo medidas adecuadas para salvaguardar sus derechos y libertades e intereses leg\u00edtimos; o bien<br>\ncon su consentimiento expreso.<br>\nNo obstante, estas decisiones no podr\u00e1n basarse en categor\u00edas especiales de datos personales de conformidad con el art\u00edculo 9, apartado 1 del RGPD, a menos que sea de aplicaci\u00f3n el art\u00edculo 9, apartado 2, letra a o g y se hayan tomado las medidas adecuadas para proteger los derechos y libertades, as\u00ed como sus intereses leg\u00edtimos.<\/p>\n<p>En los casos contemplados en los apartados 1 y 3, el responsable del tratamiento aplicar\u00e1 las medidas adecuadas para salvaguardar sus derechos y libertades e intereses leg\u00edtimos, al menos el derecho a obtener la intervenci\u00f3n humana por parte del responsable del tratamiento, a expresar su punto de vista y a impugnar la decisi\u00f3n.<\/p>\n<h4><strong>7. derecho de oposici\u00f3n<\/strong><\/h4>\n<p>Si sus datos personales se procesan sobre la base de intereses leg\u00edtimos de conformidad con el art\u00edculo 6, apartado 1, letra f del RGPD, usted tiene derecho a oponerse al procesamiento de sus datos personales de conformidad con el art\u00edculo 21 del RGPD, siempre que existan razones para ello derivadas de su situaci\u00f3n particular o la objeci\u00f3n se dirija contra la publicidad directa. En este \u00faltimo caso, usted tiene un derecho general de oposici\u00f3n, que ser\u00e1 aplicado por nosotros sin especificar una situaci\u00f3n particular.<\/p>\n<p>Si desea ejercer su derecho de cancelaci\u00f3n u objeci\u00f3n, s\u00f3lo tiene que enviar un correo electr\u00f3nico a <a href=\"mailto:bruecknerwerke@bwhh.de\">bruecknerwerke (at) bwhh.de<\/a>.<\/p>\n<h4><strong>8. seguridad de los datos<\/strong><\/h4>\n<p>Tambi\u00e9n utilizamos medidas de seguridad t\u00e9cnicas y organizativas adecuadas para proteger sus datos contra la manipulaci\u00f3n accidental o intencionada, la p\u00e9rdida parcial o total, la destrucci\u00f3n o el acceso no autorizado por parte de terceros. Nuestras medidas de seguridad se mejoran continuamente en funci\u00f3n de los avances tecnol\u00f3gicos.<\/p>\n<h4><strong>9. cambios en esta pol\u00edtica de privacidad<\/strong><\/h4>\n<p>Esta pol\u00edtica de privacidad es actualmente v\u00e1lida y fue actualizada por \u00faltima vez en mayo de 2018.<\/p>\n<p>Nos reservamos el derecho a modificar esta declaraci\u00f3n de protecci\u00f3n de datos cuando sea necesario y sin previo aviso. Por lo tanto, le rogamos que consulte esta p\u00e1gina con regularidad para comprobar si se han producido cambios en esta pol\u00edtica de privacidad.<\/p>\n<a href=\"#\" class=\"_brlbs-btn-cookie-preference borlabs-cookie-preference\">Cambiar la configuraci\u00f3n de las cookies<\/a>","protected":false},"excerpt":{"rendered":"<p>Die Wahrung Ihrer Privatsph\u00e4re ist uns ein gro\u00dfes Anliegen. Wir verfahren daher bei allen Vorg\u00e4ngen der Datenverarbeitung (z.B. Erhebung, Verarbeitung und \u00dcbermittlung) nach den gesetzlichen Regelungen des europ\u00e4ischen und deutschen Datenschutzrechts. Die nachfolgende Erkl\u00e4rung gibt Ihnen einen \u00dcberblick dar\u00fcber, welche Ihrer Daten auf unseren Webseiten erfragt werden, in welcher Weise diese Daten genutzt und weitergegeben [&hellip;]<\/p>\n","protected":false},"author":1,"featured_media":0,"parent":0,"menu_order":0,"comment_status":"closed","ping_status":"closed","template":"templates\/template-privacy.php","meta":{"_acf_changed":false,"inline_featured_image":false,"wp_typography_post_enhancements_disabled":false,"footnotes":""},"class_list":["post-1434","page","type-page","status-publish","hentry"],"acf":[],"_links":{"self":[{"href":"https:\/\/brueckner-werke.de\/es\/wp-json\/wp\/v2\/pages\/1434","targetHints":{"allow":["GET"]}}],"collection":[{"href":"https:\/\/brueckner-werke.de\/es\/wp-json\/wp\/v2\/pages"}],"about":[{"href":"https:\/\/brueckner-werke.de\/es\/wp-json\/wp\/v2\/types\/page"}],"author":[{"embeddable":true,"href":"https:\/\/brueckner-werke.de\/es\/wp-json\/wp\/v2\/users\/1"}],"replies":[{"embeddable":true,"href":"https:\/\/brueckner-werke.de\/es\/wp-json\/wp\/v2\/comments?post=1434"}],"version-history":[{"count":10,"href":"https:\/\/brueckner-werke.de\/es\/wp-json\/wp\/v2\/pages\/1434\/revisions"}],"predecessor-version":[{"id":1847,"href":"https:\/\/brueckner-werke.de\/es\/wp-json\/wp\/v2\/pages\/1434\/revisions\/1847"}],"wp:attachment":[{"href":"https:\/\/brueckner-werke.de\/es\/wp-json\/wp\/v2\/media?parent=1434"}],"curies":[{"name":"wp","href":"https:\/\/api.w.org\/{rel}","templated":true}]}}