{"id":33,"date":"2023-05-19T17:03:51","date_gmt":"2023-05-19T15:03:51","guid":{"rendered":"http:\/\/neu.brueckner-werke.de\/?page_id=33"},"modified":"2024-01-25T09:56:11","modified_gmt":"2024-01-25T08:56:11","slug":"imprint","status":"publish","type":"page","link":"https:\/\/brueckner-werke.de\/en\/impressum\/","title":{"rendered":"Imprint"},"content":{"rendered":"<p class=\"heading-text\">Br\u00fcckner-Werke KG<br>\nWendenstra\u00dfe 4<br>\n20097 Hamburg<\/p>\n<p><a href=\"tel:494023730801\">Tel.: +49\u201340-23 73 08 01<\/a><br>\n<a href=\"tel:494023730888\">Fax: +49\u201340-23 73 08 88<\/a><\/p>\n<p><strong>Hamburg Local Court, HRA 48 802<br>\nPersonally liable partners:<\/strong><\/p>\n<p>Thomas Br\u00fcckner, Farmgold-Vertriebs GmbH, Altendorf<br>\n(Managing Directors: Thomas Br\u00fcckner, Dr Karl-Ulrich Schellhaas<br>\nBamberg Local Court, HRB 1385)<\/p>\n<h4><strong>Photos<\/strong><\/h4>\n<p>People photos: Heike G\u00fcnther \/\/ Food photos: Patrick Ladisch<\/p>\n<h4><strong>Disclaimer<\/strong><\/h4>\n<p><strong><em>Content of the online offer<\/em><\/strong><\/p>\n<p>The author accepts no responsibility for the topicality, correctness, completeness or quality of the information provided. Liability claims against the author relating to material or non-material damage caused by the use or non-use of the information provided or by the use of incorrect or incomplete information are excluded as a matter of principle, insofar as there is no demonstrable intentional or grossly negligent fault on the part of the author. All offers are subject to change and non-binding. The author expressly reserves the right to change, supplement or delete parts of the pages or the entire offer without separate announcement or to discontinue publication temporarily or permanently.<\/p>\n<h4><strong>References and links<\/strong><\/h4>\n<p>In the case of direct or indirect references to external websites (\u201chyperlinks\u201d) that lie outside the author\u2019s area of responsibility, a liability obligation would only come into force if the author had knowledge of the content and it would be technically possible and reasonable for him to prevent use in the case of illegal content. The author hereby expressly declares that at the time the links were created, no illegal content was discernible on the linked pages. The author has no influence on the current and future design, content or authorship of the linked pages. For this reason, he hereby expressly distances himself from all content of all linked\/connected pages that were changed after the link was created. This statement applies to all links and references set within the author\u2019s own website. For illegal, incorrect or incomplete contents and in particular for damages resulting from the use or non-use of such information, the provider of the page to which reference was made shall be solely liable, not the person who merely refers to the respective publication via links.<\/p>\n<h4><strong>Copyright and labelling law<\/strong><\/h4>\n<p>The author endeavours to observe the copyrights of the images, graphics, sound documents, video sequences and texts used in all publications, to use images, graphics, sound documents, video sequences and texts created by himself or to use licence-free graphics, sound documents, video sequences and texts. All brand names and trademarks mentioned on the website and possibly protected by third parties are subject without restriction to the provisions of the applicable trademark law and the ownership rights of the respective registered owners. The mere mention of a trademark does not imply that it is not protected by the rights of third parties! The copyright for published objects created by the author himself remains solely with the author of the pages. Any duplication or use of objects such as diagrams, sounds or texts in other electronic or printed publications is not permitted without the author\u2019s agreement.<\/p>\n<h4><strong>Legal validity of this disclaimer<\/strong><\/h4>\n<p>This disclaimer is to be regarded as part of the internet publication which you were referred from. If sections or individual terms of this statement are not legal or correct, the content or validity of the other parts remain uninfluenced by this fact.<\/p>\n<h4><strong>Conception, design and development<\/strong><\/h4>\n<p><a href=\"https:\/\/lichtblick.digital\" target=\"_blank\" rel=\"noopener nofollow\">Lichtblick Digital GmbH, Digital Agency Hamburg<\/a><\/p>","protected":false},"excerpt":{"rendered":"<p>Br\u00fcckner-Werke KG Wendenstra\u00dfe 4 20097 Hamburg Tel.: +49-40-23 73 08 01 Fax: +49-40-23 73 08 88 Amtsgericht Hamburg, HRA 48 802 Pers\u00f6nlich haftende Gesellschafter: Thomas Br\u00fcckner, Farmgold-Vertriebs GmbH, Altendorf (Gesch\u00e4ftsf\u00fchrer: Thomas Br\u00fcckner, Dr. Karl-Ulrich Schellhaas Amtsgericht Bamberg, HRB 1385) Fotos Personenfotografien: Heike G\u00fcnther \/\/ Food-Fotos: Patrick Ladisch Haftungsausschluss Inhalt des Onlineangebots Der Autor \u00fcbernimmt keinerlei [&hellip;]<\/p>\n","protected":false},"author":1,"featured_media":0,"parent":0,"menu_order":0,"comment_status":"closed","ping_status":"closed","template":"templates\/template-privacy.php","meta":{"_acf_changed":false,"inline_featured_image":false,"wp_typography_post_enhancements_disabled":false,"footnotes":""},"class_list":["post-33","page","type-page","status-publish","hentry"],"acf":[],"_links":{"self":[{"href":"https:\/\/brueckner-werke.de\/en\/wp-json\/wp\/v2\/pages\/33","targetHints":{"allow":["GET"]}}],"collection":[{"href":"https:\/\/brueckner-werke.de\/en\/wp-json\/wp\/v2\/pages"}],"about":[{"href":"https:\/\/brueckner-werke.de\/en\/wp-json\/wp\/v2\/types\/page"}],"author":[{"embeddable":true,"href":"https:\/\/brueckner-werke.de\/en\/wp-json\/wp\/v2\/users\/1"}],"replies":[{"embeddable":true,"href":"https:\/\/brueckner-werke.de\/en\/wp-json\/wp\/v2\/comments?post=33"}],"version-history":[{"count":10,"href":"https:\/\/brueckner-werke.de\/en\/wp-json\/wp\/v2\/pages\/33\/revisions"}],"predecessor-version":[{"id":1801,"href":"https:\/\/brueckner-werke.de\/en\/wp-json\/wp\/v2\/pages\/33\/revisions\/1801"}],"wp:attachment":[{"href":"https:\/\/brueckner-werke.de\/en\/wp-json\/wp\/v2\/media?parent=33"}],"curies":[{"name":"wp","href":"https:\/\/api.w.org\/{rel}","templated":true}]}}